{"id":11727,"date":"2024-02-14T12:36:00","date_gmt":"2024-02-14T11:36:00","guid":{"rendered":"https:\/\/florette.be\/florette-fait-partie-dune-cooperative-agricole\/"},"modified":"2024-02-23T12:04:07","modified_gmt":"2024-02-23T11:04:07","slug":"florette-maakt-deel-uit-van-een-landbouwcooperatie","status":"publish","type":"page","link":"https:\/\/florette.be\/nl\/florette-maakt-deel-uit-van-een-landbouwcooperatie\/","title":{"rendered":"Florette maakt deel uit<br \/> van een landbouwco\u00f6peratie"},"content":{"rendered":"<div class=\"wpb-content-wrapper\"><p>[vc_row][vc_column css=&#8221;.vc_custom_1708418169027{margin-bottom: 30px !important;margin-left: 130px !important;}&#8221;][vc_column_text]<\/p>\n<h3>Wat is een co\u00f6peratief landbouwmodel?<\/h3>\n<p>[\/vc_column_text][\/vc_column][\/vc_row][vc_row][vc_column width=&#8221;5\/12&#8243;][vc_single_image image=&#8221;11720&#8243; img_size=&#8221;full&#8221;][\/vc_column][vc_column width=&#8221;7\/12&#8243;][vc_column_text]<strong>Een landbouwco\u00f6peratie is een organisatiestructuur waarbinnen deelnemende landbouwers het kapitaal van de onderneming in handen hebben. Dit bevordert een evenredige verdeling van de gemaakte winsten.<\/strong><\/p>\n<p> Een model waarin de landbouwer een centrale rol speelt in de besluitvorming en actief deelneemt aan het bestuur van het bedrijf, in overeenstemming met het democratische principe van &#8220;\u00e9\u00e9n man, \u00e9\u00e9n stem&#8221;.<\/p>\n<p>\nDit model baseert zich op reflectie en actie op lange termijn, en wil de productie op duurzame wijze waarderen. Deze aanpak maakt het mogelijk om landbouwwerktuigen en -middelen te delen, evenals adviezen en begeleiding.[\/vc_column_text][\/vc_column][\/vc_row][vc_row][vc_column css=&#8221;.vc_custom_1708418211030{margin-bottom: 40px !important;}&#8221;][vc_column_text]<\/p>\n<h3 style=\"text-align: center;\">In cijfers &#8230;<\/h3>\n<p>[\/vc_column_text][\/vc_column][\/vc_row]<\/p>\n<\/div>","protected":false},"excerpt":{"rendered":"[vc_row][vc_column css=&#8221;.vc_custom_1708418169027{margin-bottom: 30px !important;margin-left: 130px !important;}&#8221;][vc_column_text] Wat is een co\u00f6peratief landbouwmodel? [\/vc_column_text][\/vc_column][\/vc_row][vc_row][vc_column width=&#8221;5\/12&#8243;][vc_single_image image=&#8221;11720&#8243; img_size=&#8221;full&#8221;][\/vc_column][vc_column width=&#8221;7\/12&#8243;][vc_column_text]Een landbouwco\u00f6peratie is een organisatiestructuur [&hellip;]","protected":false},"author":1,"featured_media":0,"parent":0,"menu_order":0,"comment_status":"closed","ping_status":"closed","template":"cooperative-info-details.php","meta":{"footnotes":""},"class_list":["post-11727","page","type-page","status-publish","hentry"],"yoast_head":"<!-- This site is optimized with the Yoast SEO plugin v27.4 - https:\/\/yoast.com\/product\/yoast-seo-wordpress\/ -->\n<title>Florette maakt deel uit van een landbouwco\u00f6peratie &#8226; Florette<\/title>\n<meta name=\"robots\" content=\"index, follow, max-snippet:-1, max-image-preview:large, max-video-preview:-1\" \/>\n<link rel=\"canonical\" href=\"https:\/\/florette.be\/florette-fait-partie-dune-cooperative-agricole\/\" \/>\n<meta property=\"og:locale\" content=\"nl_NL\" \/>\n<meta property=\"og:type\" content=\"article\" \/>\n<meta property=\"og:title\" content=\"Florette maakt deel uit van een landbouwco\u00f6peratie &#8226; Florette\" \/>\n<meta property=\"og:description\" content=\"[vc_row][vc_column css=&#8221;.vc_custom_1708418169027{margin-bottom: 30px !important;margin-left: 130px !important;}&#8221;][vc_column_text] Wat is een co\u00f6peratief landbouwmodel? [\/vc_column_text][\/vc_column][\/vc_row][vc_row][vc_column width=&#8221;5\/12&#8243;][vc_single_image image=&#8221;11720&#8243; img_size=&#8221;full&#8221;][\/vc_column][vc_column width=&#8221;7\/12&#8243;][vc_column_text]Een landbouwco\u00f6peratie is een organisatiestructuur [&hellip;]\" \/>\n<meta property=\"og:url\" content=\"https:\/\/florette.be\/florette-fait-partie-dune-cooperative-agricole\/\" \/>\n<meta property=\"og:site_name\" content=\"Florette\" \/>\n<meta property=\"article:publisher\" content=\"https:\/\/www.facebook.com\/Florettebelgium\/\" \/>\n<meta property=\"article:modified_time\" content=\"2024-02-23T11:04:07+00:00\" \/>\n<meta property=\"og:image\" content=\"https:\/\/florette.be\/wp-content\/uploads\/2021\/10\/logo.png\" \/>\n\t<meta property=\"og:image:width\" content=\"244\" \/>\n\t<meta property=\"og:image:height\" content=\"140\" \/>\n\t<meta property=\"og:image:type\" content=\"image\/png\" \/>\n<meta name=\"twitter:card\" content=\"summary_large_image\" \/>\n<meta name=\"twitter:label1\" content=\"Est. reading time\" \/>\n\t<meta name=\"twitter:data1\" content=\"1 minute\" \/>\n<script type=\"application\/ld+json\" class=\"yoast-schema-graph\">{\"@context\":\"https:\\\/\\\/schema.org\",\"@graph\":[{\"@type\":\"WebPage\",\"@id\":\"https:\\\/\\\/florette.be\\\/florette-fait-partie-dune-cooperative-agricole\\\/\",\"url\":\"https:\\\/\\\/florette.be\\\/florette-fait-partie-dune-cooperative-agricole\\\/\",\"name\":\"Florette maakt deel uit van een landbouwco\u00f6peratie &#8226; Florette\",\"isPartOf\":{\"@id\":\"https:\\\/\\\/florette.be\\\/#website\"},\"datePublished\":\"2024-02-14T11:36:00+00:00\",\"dateModified\":\"2024-02-23T11:04:07+00:00\",\"breadcrumb\":{\"@id\":\"https:\\\/\\\/florette.be\\\/florette-fait-partie-dune-cooperative-agricole\\\/#breadcrumb\"},\"inLanguage\":\"nl-NL\",\"potentialAction\":[{\"@type\":\"ReadAction\",\"target\":[\"https:\\\/\\\/florette.be\\\/florette-fait-partie-dune-cooperative-agricole\\\/\"]}]},{\"@type\":\"BreadcrumbList\",\"@id\":\"https:\\\/\\\/florette.be\\\/florette-fait-partie-dune-cooperative-agricole\\\/#breadcrumb\",\"itemListElement\":[{\"@type\":\"ListItem\",\"position\":1,\"name\":\"Home\",\"item\":\"https:\\\/\\\/florette.be\\\/nl\\\/\"},{\"@type\":\"ListItem\",\"position\":2,\"name\":\"Florette maakt deel uit van een landbouwco\u00f6peratie\"}]},{\"@type\":\"WebSite\",\"@id\":\"https:\\\/\\\/florette.be\\\/#website\",\"url\":\"https:\\\/\\\/florette.be\\\/\",\"name\":\"Florette\",\"description\":\"Des salades, des l\u00e9gumes \u00e0 cuire ou \u00e0 croquer, des fruits, des jus, des herbes... D\u00e9couvrez nos produits, actualit\u00e9s, promotions et recettes Florette.\",\"publisher\":{\"@id\":\"https:\\\/\\\/florette.be\\\/#organization\"},\"potentialAction\":[{\"@type\":\"SearchAction\",\"target\":{\"@type\":\"EntryPoint\",\"urlTemplate\":\"https:\\\/\\\/florette.be\\\/?s={search_term_string}\"},\"query-input\":{\"@type\":\"PropertyValueSpecification\",\"valueRequired\":true,\"valueName\":\"search_term_string\"}}],\"inLanguage\":\"nl-NL\"},{\"@type\":\"Organization\",\"@id\":\"https:\\\/\\\/florette.be\\\/#organization\",\"name\":\"Florette\",\"url\":\"https:\\\/\\\/florette.be\\\/\",\"logo\":{\"@type\":\"ImageObject\",\"inLanguage\":\"nl-NL\",\"@id\":\"https:\\\/\\\/florette.be\\\/#\\\/schema\\\/logo\\\/image\\\/\",\"url\":\"https:\\\/\\\/florette.be\\\/wp-content\\\/uploads\\\/2021\\\/10\\\/logo.png\",\"contentUrl\":\"https:\\\/\\\/florette.be\\\/wp-content\\\/uploads\\\/2021\\\/10\\\/logo.png\",\"width\":244,\"height\":140,\"caption\":\"Florette\"},\"image\":{\"@id\":\"https:\\\/\\\/florette.be\\\/#\\\/schema\\\/logo\\\/image\\\/\"},\"sameAs\":[\"https:\\\/\\\/www.facebook.com\\\/Florettebelgium\\\/\",\"https:\\\/\\\/www.instagram.com\\\/florette_be\\\/\"]}]}<\/script>\n<!-- \/ Yoast SEO plugin. -->","yoast_head_json":{"title":"Florette maakt deel uit van een landbouwco\u00f6peratie &#8226; Florette","robots":{"index":"index","follow":"follow","max-snippet":"max-snippet:-1","max-image-preview":"max-image-preview:large","max-video-preview":"max-video-preview:-1"},"canonical":"https:\/\/florette.be\/florette-fait-partie-dune-cooperative-agricole\/","og_locale":"nl_NL","og_type":"article","og_title":"Florette maakt deel uit van een landbouwco\u00f6peratie &#8226; Florette","og_description":"[vc_row][vc_column css=&#8221;.vc_custom_1708418169027{margin-bottom: 30px !important;margin-left: 130px !important;}&#8221;][vc_column_text] Wat is een co\u00f6peratief landbouwmodel? [\/vc_column_text][\/vc_column][\/vc_row][vc_row][vc_column width=&#8221;5\/12&#8243;][vc_single_image image=&#8221;11720&#8243; img_size=&#8221;full&#8221;][\/vc_column][vc_column width=&#8221;7\/12&#8243;][vc_column_text]Een landbouwco\u00f6peratie is een organisatiestructuur [&hellip;]","og_url":"https:\/\/florette.be\/florette-fait-partie-dune-cooperative-agricole\/","og_site_name":"Florette","article_publisher":"https:\/\/www.facebook.com\/Florettebelgium\/","article_modified_time":"2024-02-23T11:04:07+00:00","og_image":[{"width":244,"height":140,"url":"https:\/\/florette.be\/wp-content\/uploads\/2021\/10\/logo.png","type":"image\/png"}],"twitter_card":"summary_large_image","twitter_misc":{"Est. reading time":"1 minute"},"schema":{"@context":"https:\/\/schema.org","@graph":[{"@type":"WebPage","@id":"https:\/\/florette.be\/florette-fait-partie-dune-cooperative-agricole\/","url":"https:\/\/florette.be\/florette-fait-partie-dune-cooperative-agricole\/","name":"Florette maakt deel uit van een landbouwco\u00f6peratie &#8226; Florette","isPartOf":{"@id":"https:\/\/florette.be\/#website"},"datePublished":"2024-02-14T11:36:00+00:00","dateModified":"2024-02-23T11:04:07+00:00","breadcrumb":{"@id":"https:\/\/florette.be\/florette-fait-partie-dune-cooperative-agricole\/#breadcrumb"},"inLanguage":"nl-NL","potentialAction":[{"@type":"ReadAction","target":["https:\/\/florette.be\/florette-fait-partie-dune-cooperative-agricole\/"]}]},{"@type":"BreadcrumbList","@id":"https:\/\/florette.be\/florette-fait-partie-dune-cooperative-agricole\/#breadcrumb","itemListElement":[{"@type":"ListItem","position":1,"name":"Home","item":"https:\/\/florette.be\/nl\/"},{"@type":"ListItem","position":2,"name":"Florette maakt deel uit van een landbouwco\u00f6peratie"}]},{"@type":"WebSite","@id":"https:\/\/florette.be\/#website","url":"https:\/\/florette.be\/","name":"Florette","description":"Des salades, des l\u00e9gumes \u00e0 cuire ou \u00e0 croquer, des fruits, des jus, des herbes... D\u00e9couvrez nos produits, actualit\u00e9s, promotions et recettes Florette.","publisher":{"@id":"https:\/\/florette.be\/#organization"},"potentialAction":[{"@type":"SearchAction","target":{"@type":"EntryPoint","urlTemplate":"https:\/\/florette.be\/?s={search_term_string}"},"query-input":{"@type":"PropertyValueSpecification","valueRequired":true,"valueName":"search_term_string"}}],"inLanguage":"nl-NL"},{"@type":"Organization","@id":"https:\/\/florette.be\/#organization","name":"Florette","url":"https:\/\/florette.be\/","logo":{"@type":"ImageObject","inLanguage":"nl-NL","@id":"https:\/\/florette.be\/#\/schema\/logo\/image\/","url":"https:\/\/florette.be\/wp-content\/uploads\/2021\/10\/logo.png","contentUrl":"https:\/\/florette.be\/wp-content\/uploads\/2021\/10\/logo.png","width":244,"height":140,"caption":"Florette"},"image":{"@id":"https:\/\/florette.be\/#\/schema\/logo\/image\/"},"sameAs":["https:\/\/www.facebook.com\/Florettebelgium\/","https:\/\/www.instagram.com\/florette_be\/"]}]}},"_links":{"self":[{"href":"https:\/\/florette.be\/nl\/wp-json\/wp\/v2\/pages\/11727","targetHints":{"allow":["GET"]}}],"collection":[{"href":"https:\/\/florette.be\/nl\/wp-json\/wp\/v2\/pages"}],"about":[{"href":"https:\/\/florette.be\/nl\/wp-json\/wp\/v2\/types\/page"}],"author":[{"embeddable":true,"href":"https:\/\/florette.be\/nl\/wp-json\/wp\/v2\/users\/1"}],"replies":[{"embeddable":true,"href":"https:\/\/florette.be\/nl\/wp-json\/wp\/v2\/comments?post=11727"}],"version-history":[{"count":18,"href":"https:\/\/florette.be\/nl\/wp-json\/wp\/v2\/pages\/11727\/revisions"}],"predecessor-version":[{"id":11756,"href":"https:\/\/florette.be\/nl\/wp-json\/wp\/v2\/pages\/11727\/revisions\/11756"}],"wp:attachment":[{"href":"https:\/\/florette.be\/nl\/wp-json\/wp\/v2\/media?parent=11727"}],"curies":[{"name":"wp","href":"https:\/\/api.w.org\/{rel}","templated":true}]}}