{"id":17486,"date":"2024-12-18T13:53:19","date_gmt":"2024-12-18T12:53:19","guid":{"rendered":"https:\/\/florette.be\/?page_id=17486"},"modified":"2024-12-18T13:55:10","modified_gmt":"2024-12-18T12:55:10","slug":"waar-kan-je-ons-vinden","status":"publish","type":"page","link":"https:\/\/florette.be\/nl\/waar-kan-je-ons-vinden\/","title":{"rendered":"Waar kan je ons vinden?"},"content":{"rendered":"\n<p>We doen er alles aan om je smaakpapillen te bekoren. <\/p>\n\n\n\n<p>Ontdek alle winkels waar je Florette kunt vinden. <br>Houd er evenwel rekening mee dat de beschikbaarheid van onze producten per winkel kan verschillen.<\/p>\n\n\n\n<div style=\"height:47px\" aria-hidden=\"true\" class=\"wp-block-spacer\"><\/div>\n\n\n\n<h2 class=\"wp-block-heading has-text-align-center\">Onze winkels<\/h2>\n\n\n\n<div class=\"wp-block-columns is-layout-flex wp-container-core-columns-is-layout-9d6595d7 wp-block-columns-is-layout-flex\">\n<div class=\"wp-block-column is-layout-flow wp-block-column-is-layout-flow\"><div class=\"wp-block-image\">\n<figure class=\"aligncenter size-large is-resized\"><img loading=\"lazy\" decoding=\"async\" width=\"1000\" height=\"186\" src=\"https:\/\/florette.be\/wp-content\/uploads\/2024\/12\/Intermarche_logo_2009_classic.svg_-1-1000x186.png\" alt=\"\" class=\"wp-image-17487\" style=\"aspect-ratio:1;object-fit:contain;width:200px;height:auto\" srcset=\"https:\/\/florette.be\/wp-content\/uploads\/2024\/12\/Intermarche_logo_2009_classic.svg_-1-1000x186.png 1000w, https:\/\/florette.be\/wp-content\/uploads\/2024\/12\/Intermarche_logo_2009_classic.svg_-1-840x157.png 840w, https:\/\/florette.be\/wp-content\/uploads\/2024\/12\/Intermarche_logo_2009_classic.svg_-1-768x143.png 768w, https:\/\/florette.be\/wp-content\/uploads\/2024\/12\/Intermarche_logo_2009_classic.svg_-1-1536x286.png 1536w, https:\/\/florette.be\/wp-content\/uploads\/2024\/12\/Intermarche_logo_2009_classic.svg_-1-2048x382.png 2048w, https:\/\/florette.be\/wp-content\/uploads\/2024\/12\/Intermarche_logo_2009_classic.svg_-1-400x75.png 400w\" sizes=\"auto, (max-width: 1000px) 100vw, 1000px\" \/><\/figure>\n<\/div><\/div>\n\n\n\n<div class=\"wp-block-column is-layout-flow wp-block-column-is-layout-flow\"><div class=\"wp-block-image\">\n<figure class=\"aligncenter size-large is-resized\"><img loading=\"lazy\" decoding=\"async\" width=\"1000\" height=\"182\" src=\"https:\/\/florette.be\/wp-content\/uploads\/2024\/12\/carrefour-c-1-1-1000x182.png\" alt=\"\" class=\"wp-image-17489\" style=\"aspect-ratio:1;object-fit:contain;width:200px\" srcset=\"https:\/\/florette.be\/wp-content\/uploads\/2024\/12\/carrefour-c-1-1-1000x182.png 1000w, https:\/\/florette.be\/wp-content\/uploads\/2024\/12\/carrefour-c-1-1-840x153.png 840w, https:\/\/florette.be\/wp-content\/uploads\/2024\/12\/carrefour-c-1-1-768x139.png 768w, https:\/\/florette.be\/wp-content\/uploads\/2024\/12\/carrefour-c-1-1-1536x279.png 1536w, https:\/\/florette.be\/wp-content\/uploads\/2024\/12\/carrefour-c-1-1-2048x372.png 2048w, https:\/\/florette.be\/wp-content\/uploads\/2024\/12\/carrefour-c-1-1-400x73.png 400w\" sizes=\"auto, (max-width: 1000px) 100vw, 1000px\" \/><\/figure>\n<\/div><\/div>\n\n\n\n<div class=\"wp-block-column is-layout-flow wp-block-column-is-layout-flow\"><div class=\"wp-block-image\">\n<figure class=\"aligncenter size-full is-resized\"><img loading=\"lazy\" decoding=\"async\" width=\"400\" height=\"267\" src=\"https:\/\/florette.be\/wp-content\/uploads\/2024\/12\/png-clipart-spar-retail-logo-supermarket-brand-others-text-retail-1-3.png\" alt=\"\" class=\"wp-image-17508\" style=\"aspect-ratio:1;object-fit:contain;width:200px\"\/><\/figure>\n<\/div><\/div>\n<\/div>\n\n\n\n<div class=\"wp-block-columns is-layout-flex wp-container-core-columns-is-layout-9d6595d7 wp-block-columns-is-layout-flex\">\n<div class=\"wp-block-column is-layout-flow wp-block-column-is-layout-flow\"><div class=\"wp-block-image\">\n<figure class=\"aligncenter size-full is-resized\"><img loading=\"lazy\" decoding=\"async\" width=\"119\" height=\"115\" src=\"https:\/\/florette.be\/wp-content\/uploads\/2024\/12\/cora-2.png\" alt=\"\" class=\"wp-image-17510\" style=\"aspect-ratio:1;object-fit:contain;width:200px;height:auto\"\/><\/figure>\n<\/div><\/div>\n\n\n\n<div class=\"wp-block-column is-layout-flow wp-block-column-is-layout-flow\"><div class=\"wp-block-image\">\n<figure class=\"aligncenter size-full is-resized\"><img loading=\"lazy\" decoding=\"async\" width=\"192\" height=\"192\" src=\"https:\/\/florette.be\/wp-content\/uploads\/2024\/12\/android-icon-192x192.c3e7bc-1-1.png\" alt=\"\" class=\"wp-image-17512\" style=\"aspect-ratio:1;object-fit:contain;width:200px\" srcset=\"https:\/\/florette.be\/wp-content\/uploads\/2024\/12\/android-icon-192x192.c3e7bc-1-1.png 192w, https:\/\/florette.be\/wp-content\/uploads\/2024\/12\/android-icon-192x192.c3e7bc-1-1-150x150.png 150w\" sizes=\"auto, (max-width: 192px) 100vw, 192px\" \/><\/figure>\n<\/div><\/div>\n\n\n\n<div class=\"wp-block-column is-layout-flow wp-block-column-is-layout-flow\"><div class=\"wp-block-image\">\n<figure class=\"aligncenter size-full is-resized\"><img loading=\"lazy\" decoding=\"async\" width=\"454\" height=\"111\" src=\"https:\/\/florette.be\/wp-content\/uploads\/2024\/12\/cactus-1.png\" alt=\"\" class=\"wp-image-17514\" style=\"aspect-ratio:1;object-fit:contain;width:200px\" srcset=\"https:\/\/florette.be\/wp-content\/uploads\/2024\/12\/cactus-1.png 454w, https:\/\/florette.be\/wp-content\/uploads\/2024\/12\/cactus-1-400x98.png 400w\" sizes=\"auto, (max-width: 454px) 100vw, 454px\" \/><\/figure>\n<\/div><\/div>\n<\/div>\n\n\n\n<div class=\"wp-block-columns is-layout-flex wp-container-core-columns-is-layout-9d6595d7 wp-block-columns-is-layout-flex\">\n<div class=\"wp-block-column is-layout-flow wp-block-column-is-layout-flow\"><div class=\"wp-block-image\">\n<figure class=\"aligncenter size-full is-resized\"><img loading=\"lazy\" decoding=\"async\" width=\"398\" height=\"395\" src=\"https:\/\/florette.be\/wp-content\/uploads\/2024\/12\/cq5dam.web_.1280.1280-1-2.png\" alt=\"\" class=\"wp-image-17516\" style=\"aspect-ratio:1;object-fit:contain;width:200px;height:auto\" srcset=\"https:\/\/florette.be\/wp-content\/uploads\/2024\/12\/cq5dam.web_.1280.1280-1-2.png 398w, https:\/\/florette.be\/wp-content\/uploads\/2024\/12\/cq5dam.web_.1280.1280-1-2-150x150.png 150w\" sizes=\"auto, (max-width: 398px) 100vw, 398px\" \/><\/figure>\n<\/div><\/div>\n\n\n\n<div class=\"wp-block-column is-layout-flow wp-block-column-is-layout-flow\"><div class=\"wp-block-image\">\n<figure class=\"aligncenter size-full is-resized\"><img loading=\"lazy\" decoding=\"async\" width=\"215\" height=\"234\" src=\"https:\/\/florette.be\/wp-content\/uploads\/2024\/12\/images-1-1.png\" alt=\"\" class=\"wp-image-17518\" style=\"aspect-ratio:1;object-fit:contain;width:200px\"\/><\/figure>\n<\/div><\/div>\n\n\n\n<div class=\"wp-block-column is-layout-flow wp-block-column-is-layout-flow\"><div class=\"wp-block-image\">\n<figure class=\"aligncenter size-full is-resized\"><img loading=\"lazy\" decoding=\"async\" width=\"300\" height=\"157\" src=\"https:\/\/florette.be\/wp-content\/uploads\/2024\/12\/Spegelaere_Logo_blok_2014_MAILING-1-1.png\" alt=\"\" class=\"wp-image-17520\" style=\"aspect-ratio:1;object-fit:contain;width:200px\"\/><\/figure>\n<\/div><\/div>\n<\/div>\n\n\n\n<p><\/p>\n","protected":false},"excerpt":{"rendered":"We doen er alles aan om je smaakpapillen te bekoren. Ontdek alle winkels waar je Florette kunt vinden. Houd er [&hellip;]","protected":false},"author":4,"featured_media":0,"parent":0,"menu_order":0,"comment_status":"closed","ping_status":"closed","template":"","meta":{"footnotes":""},"class_list":["post-17486","page","type-page","status-publish","hentry"],"yoast_head":"<!-- This site is optimized with the Yoast SEO plugin v27.4 - https:\/\/yoast.com\/product\/yoast-seo-wordpress\/ -->\n<title>Waar kan je ons vinden? &#8226; Florette<\/title>\n<meta name=\"robots\" content=\"index, follow, max-snippet:-1, max-image-preview:large, max-video-preview:-1\" \/>\n<link rel=\"canonical\" href=\"https:\/\/florette.be\/nl\/waar-kan-je-ons-vinden\/\" \/>\n<meta property=\"og:locale\" content=\"nl_NL\" \/>\n<meta property=\"og:type\" content=\"article\" \/>\n<meta property=\"og:title\" content=\"Waar kan je ons vinden? &#8226; Florette\" \/>\n<meta property=\"og:description\" content=\"We doen er alles aan om je smaakpapillen te bekoren. Ontdek alle winkels waar je Florette kunt vinden. Houd er [&hellip;]\" \/>\n<meta property=\"og:url\" content=\"https:\/\/florette.be\/nl\/waar-kan-je-ons-vinden\/\" \/>\n<meta property=\"og:site_name\" content=\"Florette\" \/>\n<meta property=\"article:publisher\" content=\"https:\/\/www.facebook.com\/Florettebelgium\/\" \/>\n<meta property=\"article:modified_time\" content=\"2024-12-18T12:55:10+00:00\" \/>\n<meta property=\"og:image\" content=\"https:\/\/florette.be\/wp-content\/uploads\/2024\/12\/Intermarche_logo_2009_classic.svg_-1.png\" \/>\n\t<meta property=\"og:image:width\" content=\"2560\" \/>\n\t<meta property=\"og:image:height\" content=\"477\" \/>\n\t<meta property=\"og:image:type\" content=\"image\/png\" \/>\n<meta name=\"twitter:card\" content=\"summary_large_image\" \/>\n<meta name=\"twitter:label1\" content=\"Est. reading time\" \/>\n\t<meta name=\"twitter:data1\" content=\"2 minutes\" \/>\n<script type=\"application\/ld+json\" class=\"yoast-schema-graph\">{\"@context\":\"https:\\\/\\\/schema.org\",\"@graph\":[{\"@type\":\"WebPage\",\"@id\":\"https:\\\/\\\/florette.be\\\/nl\\\/waar-kan-je-ons-vinden\\\/\",\"url\":\"https:\\\/\\\/florette.be\\\/nl\\\/waar-kan-je-ons-vinden\\\/\",\"name\":\"Waar kan je ons vinden? &#8226; Florette\",\"isPartOf\":{\"@id\":\"https:\\\/\\\/florette.be\\\/#website\"},\"primaryImageOfPage\":{\"@id\":\"https:\\\/\\\/florette.be\\\/nl\\\/waar-kan-je-ons-vinden\\\/#primaryimage\"},\"image\":{\"@id\":\"https:\\\/\\\/florette.be\\\/nl\\\/waar-kan-je-ons-vinden\\\/#primaryimage\"},\"thumbnailUrl\":\"https:\\\/\\\/florette.be\\\/wp-content\\\/uploads\\\/2024\\\/12\\\/Intermarche_logo_2009_classic.svg_-1-1000x186.png\",\"datePublished\":\"2024-12-18T12:53:19+00:00\",\"dateModified\":\"2024-12-18T12:55:10+00:00\",\"breadcrumb\":{\"@id\":\"https:\\\/\\\/florette.be\\\/nl\\\/waar-kan-je-ons-vinden\\\/#breadcrumb\"},\"inLanguage\":\"nl-NL\",\"potentialAction\":[{\"@type\":\"ReadAction\",\"target\":[\"https:\\\/\\\/florette.be\\\/nl\\\/waar-kan-je-ons-vinden\\\/\"]}]},{\"@type\":\"ImageObject\",\"inLanguage\":\"nl-NL\",\"@id\":\"https:\\\/\\\/florette.be\\\/nl\\\/waar-kan-je-ons-vinden\\\/#primaryimage\",\"url\":\"https:\\\/\\\/florette.be\\\/wp-content\\\/uploads\\\/2024\\\/12\\\/Intermarche_logo_2009_classic.svg_-1-1000x186.png\",\"contentUrl\":\"https:\\\/\\\/florette.be\\\/wp-content\\\/uploads\\\/2024\\\/12\\\/Intermarche_logo_2009_classic.svg_-1-1000x186.png\"},{\"@type\":\"BreadcrumbList\",\"@id\":\"https:\\\/\\\/florette.be\\\/nl\\\/waar-kan-je-ons-vinden\\\/#breadcrumb\",\"itemListElement\":[{\"@type\":\"ListItem\",\"position\":1,\"name\":\"Home\",\"item\":\"https:\\\/\\\/florette.be\\\/nl\\\/\"},{\"@type\":\"ListItem\",\"position\":2,\"name\":\"Waar kan je ons vinden?\"}]},{\"@type\":\"WebSite\",\"@id\":\"https:\\\/\\\/florette.be\\\/#website\",\"url\":\"https:\\\/\\\/florette.be\\\/\",\"name\":\"Florette\",\"description\":\"Des salades, des l\u00e9gumes \u00e0 cuire ou \u00e0 croquer, des fruits, des jus, des herbes... D\u00e9couvrez nos produits, actualit\u00e9s, promotions et recettes Florette.\",\"publisher\":{\"@id\":\"https:\\\/\\\/florette.be\\\/#organization\"},\"potentialAction\":[{\"@type\":\"SearchAction\",\"target\":{\"@type\":\"EntryPoint\",\"urlTemplate\":\"https:\\\/\\\/florette.be\\\/?s={search_term_string}\"},\"query-input\":{\"@type\":\"PropertyValueSpecification\",\"valueRequired\":true,\"valueName\":\"search_term_string\"}}],\"inLanguage\":\"nl-NL\"},{\"@type\":\"Organization\",\"@id\":\"https:\\\/\\\/florette.be\\\/#organization\",\"name\":\"Florette\",\"url\":\"https:\\\/\\\/florette.be\\\/\",\"logo\":{\"@type\":\"ImageObject\",\"inLanguage\":\"nl-NL\",\"@id\":\"https:\\\/\\\/florette.be\\\/#\\\/schema\\\/logo\\\/image\\\/\",\"url\":\"https:\\\/\\\/florette.be\\\/wp-content\\\/uploads\\\/2021\\\/10\\\/logo.png\",\"contentUrl\":\"https:\\\/\\\/florette.be\\\/wp-content\\\/uploads\\\/2021\\\/10\\\/logo.png\",\"width\":244,\"height\":140,\"caption\":\"Florette\"},\"image\":{\"@id\":\"https:\\\/\\\/florette.be\\\/#\\\/schema\\\/logo\\\/image\\\/\"},\"sameAs\":[\"https:\\\/\\\/www.facebook.com\\\/Florettebelgium\\\/\",\"https:\\\/\\\/www.instagram.com\\\/florette_be\\\/\"]}]}<\/script>\n<!-- \/ Yoast SEO plugin. -->","yoast_head_json":{"title":"Waar kan je ons vinden? &#8226; Florette","robots":{"index":"index","follow":"follow","max-snippet":"max-snippet:-1","max-image-preview":"max-image-preview:large","max-video-preview":"max-video-preview:-1"},"canonical":"https:\/\/florette.be\/nl\/waar-kan-je-ons-vinden\/","og_locale":"nl_NL","og_type":"article","og_title":"Waar kan je ons vinden? &#8226; Florette","og_description":"We doen er alles aan om je smaakpapillen te bekoren. Ontdek alle winkels waar je Florette kunt vinden. Houd er [&hellip;]","og_url":"https:\/\/florette.be\/nl\/waar-kan-je-ons-vinden\/","og_site_name":"Florette","article_publisher":"https:\/\/www.facebook.com\/Florettebelgium\/","article_modified_time":"2024-12-18T12:55:10+00:00","og_image":[{"width":2560,"height":477,"url":"https:\/\/florette.be\/wp-content\/uploads\/2024\/12\/Intermarche_logo_2009_classic.svg_-1.png","type":"image\/png"}],"twitter_card":"summary_large_image","twitter_misc":{"Est. reading time":"2 minutes"},"schema":{"@context":"https:\/\/schema.org","@graph":[{"@type":"WebPage","@id":"https:\/\/florette.be\/nl\/waar-kan-je-ons-vinden\/","url":"https:\/\/florette.be\/nl\/waar-kan-je-ons-vinden\/","name":"Waar kan je ons vinden? &#8226; Florette","isPartOf":{"@id":"https:\/\/florette.be\/#website"},"primaryImageOfPage":{"@id":"https:\/\/florette.be\/nl\/waar-kan-je-ons-vinden\/#primaryimage"},"image":{"@id":"https:\/\/florette.be\/nl\/waar-kan-je-ons-vinden\/#primaryimage"},"thumbnailUrl":"https:\/\/florette.be\/wp-content\/uploads\/2024\/12\/Intermarche_logo_2009_classic.svg_-1-1000x186.png","datePublished":"2024-12-18T12:53:19+00:00","dateModified":"2024-12-18T12:55:10+00:00","breadcrumb":{"@id":"https:\/\/florette.be\/nl\/waar-kan-je-ons-vinden\/#breadcrumb"},"inLanguage":"nl-NL","potentialAction":[{"@type":"ReadAction","target":["https:\/\/florette.be\/nl\/waar-kan-je-ons-vinden\/"]}]},{"@type":"ImageObject","inLanguage":"nl-NL","@id":"https:\/\/florette.be\/nl\/waar-kan-je-ons-vinden\/#primaryimage","url":"https:\/\/florette.be\/wp-content\/uploads\/2024\/12\/Intermarche_logo_2009_classic.svg_-1-1000x186.png","contentUrl":"https:\/\/florette.be\/wp-content\/uploads\/2024\/12\/Intermarche_logo_2009_classic.svg_-1-1000x186.png"},{"@type":"BreadcrumbList","@id":"https:\/\/florette.be\/nl\/waar-kan-je-ons-vinden\/#breadcrumb","itemListElement":[{"@type":"ListItem","position":1,"name":"Home","item":"https:\/\/florette.be\/nl\/"},{"@type":"ListItem","position":2,"name":"Waar kan je ons vinden?"}]},{"@type":"WebSite","@id":"https:\/\/florette.be\/#website","url":"https:\/\/florette.be\/","name":"Florette","description":"Des salades, des l\u00e9gumes \u00e0 cuire ou \u00e0 croquer, des fruits, des jus, des herbes... D\u00e9couvrez nos produits, actualit\u00e9s, promotions et recettes Florette.","publisher":{"@id":"https:\/\/florette.be\/#organization"},"potentialAction":[{"@type":"SearchAction","target":{"@type":"EntryPoint","urlTemplate":"https:\/\/florette.be\/?s={search_term_string}"},"query-input":{"@type":"PropertyValueSpecification","valueRequired":true,"valueName":"search_term_string"}}],"inLanguage":"nl-NL"},{"@type":"Organization","@id":"https:\/\/florette.be\/#organization","name":"Florette","url":"https:\/\/florette.be\/","logo":{"@type":"ImageObject","inLanguage":"nl-NL","@id":"https:\/\/florette.be\/#\/schema\/logo\/image\/","url":"https:\/\/florette.be\/wp-content\/uploads\/2021\/10\/logo.png","contentUrl":"https:\/\/florette.be\/wp-content\/uploads\/2021\/10\/logo.png","width":244,"height":140,"caption":"Florette"},"image":{"@id":"https:\/\/florette.be\/#\/schema\/logo\/image\/"},"sameAs":["https:\/\/www.facebook.com\/Florettebelgium\/","https:\/\/www.instagram.com\/florette_be\/"]}]}},"_links":{"self":[{"href":"https:\/\/florette.be\/nl\/wp-json\/wp\/v2\/pages\/17486","targetHints":{"allow":["GET"]}}],"collection":[{"href":"https:\/\/florette.be\/nl\/wp-json\/wp\/v2\/pages"}],"about":[{"href":"https:\/\/florette.be\/nl\/wp-json\/wp\/v2\/types\/page"}],"author":[{"embeddable":true,"href":"https:\/\/florette.be\/nl\/wp-json\/wp\/v2\/users\/4"}],"replies":[{"embeddable":true,"href":"https:\/\/florette.be\/nl\/wp-json\/wp\/v2\/comments?post=17486"}],"version-history":[{"count":3,"href":"https:\/\/florette.be\/nl\/wp-json\/wp\/v2\/pages\/17486\/revisions"}],"predecessor-version":[{"id":17522,"href":"https:\/\/florette.be\/nl\/wp-json\/wp\/v2\/pages\/17486\/revisions\/17522"}],"wp:attachment":[{"href":"https:\/\/florette.be\/nl\/wp-json\/wp\/v2\/media?parent=17486"}],"curies":[{"name":"wp","href":"https:\/\/api.w.org\/{rel}","templated":true}]}}