{"id":17573,"date":"2024-12-23T08:54:28","date_gmt":"2024-12-23T07:54:28","guid":{"rendered":"https:\/\/florette.be\/mention-legales\/"},"modified":"2024-12-24T17:46:45","modified_gmt":"2024-12-24T16:46:45","slug":"wettelijke-vermeldingen","status":"publish","type":"page","link":"https:\/\/florette.be\/nl\/wettelijke-vermeldingen\/","title":{"rendered":"Wettelijke vermeldingen"},"content":{"rendered":"\n<h1 class=\"wp-block-heading\">Voorstelling van de website<\/h1>\n\n\n\n<h3 class=\"wp-block-heading\">Beheerder van de website<\/h3>\n\n\n\n<p>Deze website is eigendom van:<\/p>\n\n\n\n<p>Florette Benelux BVBA<\/p>\n\n\n\n<p>Ondernemingsnummer: 0640.979.859<\/p>\n\n\n\n<p>Vennootschap met een kapitaal van \u20ac 18.550<\/p>\n\n\n\n<p>Chauss\u00e9e de Louvain 431E &#8211; 1380 Lasne (Belgi\u00eb)<\/p>\n\n\n\n<p><a href=\"https:\/\/florette.be\/nl\/contact\/\">Contact<\/a><\/p>\n\n\n\n<p>BTW BE: &nbsp;BE 0640.979.859<\/p>\n\n\n\n<h3 class=\"wp-block-heading\">Verantwoordelijke uitgever<\/h3>\n\n\n\n<p>Jean-Marc Faujour, in zijn hoedanigheid van lid van de directie van de vennootschap Floreale Holding, beherend vennoot van de vennootschap Florette Benelux.<\/p>\n\n\n\n<h3 class=\"wp-block-heading\">Webhost<\/h3>\n\n\n\n<p>Deze website wordt gehost door:<\/p>\n\n\n\n<p>RUNISO<\/p>\n\n\n\n<p>Euratechnologies \u2013 B\u00e2timent Black Hat,<\/p>\n\n\n\n<p>167 avenue de Bretagne,<\/p>\n\n\n\n<p>59000 LILLE<\/p>\n\n\n\n<p>+33(0)3 62 13 83 83<\/p>\n\n\n\n<p>Gegevens van de webmaster :<a> dpo@fr.clara.net<\/a>.<\/p>\n\n\n\n<h1 class=\"wp-block-heading\">Algemene gebruiksvoorwaarden<\/h1>\n\n\n\n<h2 class=\"wp-block-heading\">Inhoud<\/h2>\n\n\n\n<p>Deze algemene gebruiksvoorwaarden (de &#8220;AGV&#8221;) zijn van toepassing op het gebruik van deze website (&#8220;Site&#8221;) door internetgebruikers (&#8220;u&#8221;). Ze zijn met name bedoeld om de voorwaarden te bepalen waarmee u toegang kunt krijgen tot de Site en erop kunt browsen.<\/p>\n\n\n\n<p>Door verder te surfen op de Site, erkent u dat u de AGV hebt gelezen en volledig en zonder voorbehoud aanvaardt.<\/p>\n\n\n\n<p>Florette Benelux BVBA (de &#8220;Beheerder&#8221;) behoudt zich het recht voor om de inhoud op elk moment en zonder voorafgaande kennisgeving te wijzigen. Het kan niet aansprakelijk worden gesteld voor de gevolgen van dergelijke wijzigingen. Ook behoudt het zich het recht voor om op elk moment en zonder voorafgaande kennisgeving de functionaliteiten van de Site geheel of gedeeltelijk te onderbreken of op te schorten.<\/p>\n\n\n\n<h2 class=\"wp-block-heading\">Toegang tot de Site<\/h2>\n\n\n\n<p>Toegang tot de Site is voorbehouden aan meerderjarigen. De Beheerder houdt zich het recht voor om een bewijs van leeftijd te vragen, vooral als u gebruik maakt van online besteldiensten.<\/p>\n\n\n\n<p>Toegang tot en gebruik van de Site zijn strikt voor persoonlijk gebruik voorbehouden. U verbindt zich ertoe de Site of de informatie of gegevens op de Site niet te gebruiken voor commerci\u00eble, politieke of reclamedoeleinden of voor enige vorm van commerci\u00eble werving, met name het verzenden van ongevraagde e-mails.<\/p>\n\n\n\n<h2 class=\"wp-block-heading\">Beheer van de Site<\/h2>\n\n\n\n<p>Voor het goede beheer van de Site kan de Beheerder te allen tijde:<\/p>\n\n\n\n<ul class=\"wp-block-list\">\n<li>De toegang tot de hele Site of een deel ervan opschorten, onderbreken of beperken; de toegang tot de Site of tot bepaalde delen ervan beperken tot een specifieke categorie internetgebruikers;<\/li>\n\n\n\n<li>Alle informatie verwijderen die de werking kan verstoren of in strijd is met nationale of internationale wetten;<\/li>\n\n\n\n<li>De Site opschorten om updates uit te voeren.<\/li>\n<\/ul>\n\n\n\n<h2 class=\"wp-block-heading\">Inhoud van de Site en intellectueel eigendom<\/h2>\n\n\n\n<p>De Beheerder bezit alle intellectuele eigendomsrechten met betrekking tot de Site. Zodoende mag u de gehele of gedeeltelijke inhoud ervan niet kopi\u00ebren of downloaden, tenzij met de voorafgaande en uitdrukkelijke toestemming van de Beheerder.<\/p>\n\n\n\n<p>De Site en alle inhoud (in het bijzonder de foto&#8217;s, logo&#8217;s, handelsmerken en informatie van welke aard dan ook op de Site) zijn auteursrechtelijk beschermd. De Beheerder verleent u eenvoudigweg toestemming om de inhoud van de Site te bekijken, en sluit met name het hergebruik van de volledige of gedeeltelijke inhoud van de Site om welke reden dan ook uit.<\/p>\n\n\n\n<p>Alle reproductierechten zijn voorbehouden, inclusief voor downloadbare documenten (logo&#8217;s, foto&#8217;s, informatie van welke aard dan ook). De te downloaden documenten zijn ook auteursrechtelijk beschermd. De beperkingen op het gebruik van deze documenten worden gespecificeerd op de relevante pagina&#8217;s van de Site.<\/p>\n\n\n\n<p>Elke volledige of gedeeltelijke weergave van de Site, door welk bedrijf dan ook, zonder de uitdrukkelijke toestemming van de Beheerder, is verboden en vormt een inbreuk die wordt bestraft door artikelen L.335-2 en volgende van de Franse wet op intellectueel eigendom. Hetzelfde geldt, indien van toepassing, voor de databases op de Site.<\/p>\n\n\n\n<p>Ook is het verboden om de Site geheel of gedeeltelijk op te nemen, te registreren, uit te zenden, te vertalen of aan te passen.<\/p>\n\n\n\n<h2 class=\"wp-block-heading\">Links naar andere sites<\/h2>\n\n\n\n<p>Om de toegang tot andere sites te vergemakkelijken, behoudt de Beheerder zich de mogelijkheid voor om een bepaald aantal links naar sites van derden op te nemen. Hij is echter niet verantwoordelijk voor een onbeschikbaarheid van sites van derden, hun inhoud, advertenties of andere elementen die op deze sites beschikbaar zijn. De Beheerder kan daarom niet verantwoordelijk worden gehouden voor sites van derden waartoe u toegang hebt gekregen.<\/p>\n\n\n\n<p>Het is u niet toegestaan hyperlinks aan te brengen naar de Site of een deel daarvan, tenzij met voorafgaande schriftelijke toestemming van de Beheerder, die u per e-mail op het bovenstaande adres kunt aanvragen. Het staat de Beheerder vrij om deze toestemming te weigeren zonder zijn beslissing op enigerlei wijze te hoeven rechtvaardigen. In het geval dat de Beheerder zijn toestemming verleent, is deze toestemming in alle gevallen slechts tijdelijk en kan deze te allen tijde worden ingetrokken, zonder dat de Beheerder verplicht is zijn beslissing te rechtvaardigen. In alle gevallen moet een link op verzoek van de Beheerder worden ingetrokken.<\/p>\n\n\n\n<h2 class=\"wp-block-heading\">Beheer van persoonsgegevens<\/h2>\n\n\n\n<p>Klik <a href=\"https:\/\/florette.be\/nl\/beleid-inzake-de-bescherming-van-persoonsgegevens\/\">hier<\/a> voor meer informatie over het beheer van uw persoonsgegevens.<\/p>\n\n\n\n<h2 class=\"wp-block-heading\">Cookiebeheer<\/h2>\n\n\n\n<p>Klik <a href=\"https:\/\/florette.be\/nl\/cookiebeleid\/\">hier<\/a> voor meer informatie over het cookiebeheer.<\/p>\n\n\n\n<h2 class=\"wp-block-heading\">Toepasselijk recht<\/h2>\n\n\n\n<p>De Site en de inhoud ervan zijn gemaakt in overeenstemming met de Franse en Europese wet- en regelgeving. Ondanks het feit dat de Site toegankelijk is voor andere gebruikers, zijn de Site en de inhoud ervan bedoeld voor Franse en Belgische inwoners.<\/p>\n\n\n\n<h2 class=\"wp-block-heading\">Beperking van aansprakelijkheid<\/h2>\n\n\n\n<p>De Beheerder is alleen aansprakelijk voor schade die direct aan hem kan worden toegeschreven, tot een limiet van vijfhonderd euro (\u20ac 500).<\/p>\n\n\n\n<p>De Beheerder kan niet aansprakelijk worden gesteld voor directe of indirecte schade die aan uw hardware wordt toegebracht bij toegang tot de Site en\/of als gevolg van het optreden van een bug of incompatibiliteit.<\/p>\n\n\n\n<p>U bent volledig verantwoordelijk voor de hardware waarmee u verbinding maakt met de Site. U moet alle gepaste maatregelen nemen om uw hardware en uw eigen gegevens te beschermen, in het bijzonder tegen virusaanvallen via het internet. Daarnaast bent u zelf &#8211; als enige &#8211; verantwoordelijk voor de sites en gegevens die u raadpleegt.<\/p>\n\n\n\n<p>De Beheerder kan niet aansprakelijk worden gesteld in het geval van een gerechtelijke procedure tegen u:<\/p>\n\n\n\n<ul class=\"wp-block-list\">\n<li>in geval van illegaal gebruik van de Site of enige dienst die toegankelijk is via de Site;<\/li>\n\n\n\n<li>in geval van niet-naleving van deze algemene gebruiksvoorwaarden.<\/li>\n<\/ul>\n\n\n\n<p>De Beheerder is niet aansprakelijk voor enige schade berokkend aan u, aan derden of aan uw apparatuur als gevolg van uw verbinding met of gebruik van de Site, en u neemt geen acties dienaangaande tegen de Beheerder.<\/p>\n","protected":false},"excerpt":{"rendered":"Voorstelling van de website Beheerder van de website Deze website is eigendom van: Florette Benelux BVBA Ondernemingsnummer: 0640.979.859 Vennootschap met [&hellip;]","protected":false},"author":1,"featured_media":0,"parent":0,"menu_order":0,"comment_status":"closed","ping_status":"closed","template":"","meta":{"footnotes":""},"class_list":["post-17573","page","type-page","status-publish","hentry"],"yoast_head":"<!-- This site is optimized with the Yoast SEO plugin v27.5 - https:\/\/yoast.com\/product\/yoast-seo-wordpress\/ -->\n<title>Wettelijke vermeldingen &#8226; Florette<\/title>\n<meta name=\"robots\" content=\"index, follow, max-snippet:-1, max-image-preview:large, max-video-preview:-1\" \/>\n<link rel=\"canonical\" href=\"https:\/\/florette.be\/nl\/wettelijke-vermeldingen\/\" \/>\n<meta property=\"og:locale\" content=\"nl_NL\" \/>\n<meta property=\"og:type\" content=\"article\" \/>\n<meta property=\"og:title\" content=\"Wettelijke vermeldingen &#8226; Florette\" \/>\n<meta property=\"og:description\" content=\"Voorstelling van de website Beheerder van de website Deze website is eigendom van: Florette Benelux BVBA Ondernemingsnummer: 0640.979.859 Vennootschap met [&hellip;]\" \/>\n<meta property=\"og:url\" content=\"https:\/\/florette.be\/nl\/wettelijke-vermeldingen\/\" \/>\n<meta property=\"og:site_name\" content=\"Florette\" \/>\n<meta property=\"article:publisher\" content=\"https:\/\/www.facebook.com\/Florettebelgium\/\" \/>\n<meta property=\"article:modified_time\" content=\"2024-12-24T16:46:45+00:00\" \/>\n<meta property=\"og:image\" content=\"https:\/\/florette.be\/wp-content\/uploads\/2021\/10\/logo.png\" \/>\n\t<meta property=\"og:image:width\" content=\"244\" \/>\n\t<meta property=\"og:image:height\" content=\"140\" \/>\n\t<meta property=\"og:image:type\" content=\"image\/png\" \/>\n<meta name=\"twitter:card\" content=\"summary_large_image\" \/>\n<meta name=\"twitter:label1\" content=\"Est. reading time\" \/>\n\t<meta name=\"twitter:data1\" content=\"6 minutes\" \/>\n<script type=\"application\/ld+json\" class=\"yoast-schema-graph\">{\"@context\":\"https:\\\/\\\/schema.org\",\"@graph\":[{\"@type\":\"WebPage\",\"@id\":\"https:\\\/\\\/florette.be\\\/nl\\\/wettelijke-vermeldingen\\\/\",\"url\":\"https:\\\/\\\/florette.be\\\/nl\\\/wettelijke-vermeldingen\\\/\",\"name\":\"Wettelijke vermeldingen &#8226; Florette\",\"isPartOf\":{\"@id\":\"https:\\\/\\\/florette.be\\\/#website\"},\"datePublished\":\"2024-12-23T07:54:28+00:00\",\"dateModified\":\"2024-12-24T16:46:45+00:00\",\"breadcrumb\":{\"@id\":\"https:\\\/\\\/florette.be\\\/nl\\\/wettelijke-vermeldingen\\\/#breadcrumb\"},\"inLanguage\":\"nl-NL\",\"potentialAction\":[{\"@type\":\"ReadAction\",\"target\":[\"https:\\\/\\\/florette.be\\\/nl\\\/wettelijke-vermeldingen\\\/\"]}]},{\"@type\":\"BreadcrumbList\",\"@id\":\"https:\\\/\\\/florette.be\\\/nl\\\/wettelijke-vermeldingen\\\/#breadcrumb\",\"itemListElement\":[{\"@type\":\"ListItem\",\"position\":1,\"name\":\"Home\",\"item\":\"https:\\\/\\\/florette.be\\\/nl\\\/\"},{\"@type\":\"ListItem\",\"position\":2,\"name\":\"Wettelijke vermeldingen\"}]},{\"@type\":\"WebSite\",\"@id\":\"https:\\\/\\\/florette.be\\\/#website\",\"url\":\"https:\\\/\\\/florette.be\\\/\",\"name\":\"Florette\",\"description\":\"Des salades, des l\u00e9gumes \u00e0 cuire ou \u00e0 croquer, des fruits, des jus, des herbes... D\u00e9couvrez nos produits, actualit\u00e9s, promotions et recettes Florette.\",\"publisher\":{\"@id\":\"https:\\\/\\\/florette.be\\\/#organization\"},\"potentialAction\":[{\"@type\":\"SearchAction\",\"target\":{\"@type\":\"EntryPoint\",\"urlTemplate\":\"https:\\\/\\\/florette.be\\\/?s={search_term_string}\"},\"query-input\":{\"@type\":\"PropertyValueSpecification\",\"valueRequired\":true,\"valueName\":\"search_term_string\"}}],\"inLanguage\":\"nl-NL\"},{\"@type\":\"Organization\",\"@id\":\"https:\\\/\\\/florette.be\\\/#organization\",\"name\":\"Florette\",\"url\":\"https:\\\/\\\/florette.be\\\/\",\"logo\":{\"@type\":\"ImageObject\",\"inLanguage\":\"nl-NL\",\"@id\":\"https:\\\/\\\/florette.be\\\/#\\\/schema\\\/logo\\\/image\\\/\",\"url\":\"https:\\\/\\\/florette.be\\\/wp-content\\\/uploads\\\/2021\\\/10\\\/logo.png\",\"contentUrl\":\"https:\\\/\\\/florette.be\\\/wp-content\\\/uploads\\\/2021\\\/10\\\/logo.png\",\"width\":244,\"height\":140,\"caption\":\"Florette\"},\"image\":{\"@id\":\"https:\\\/\\\/florette.be\\\/#\\\/schema\\\/logo\\\/image\\\/\"},\"sameAs\":[\"https:\\\/\\\/www.facebook.com\\\/Florettebelgium\\\/\",\"https:\\\/\\\/www.instagram.com\\\/florette_be\\\/\"]}]}<\/script>\n<!-- \/ Yoast SEO plugin. -->","yoast_head_json":{"title":"Wettelijke vermeldingen &#8226; Florette","robots":{"index":"index","follow":"follow","max-snippet":"max-snippet:-1","max-image-preview":"max-image-preview:large","max-video-preview":"max-video-preview:-1"},"canonical":"https:\/\/florette.be\/nl\/wettelijke-vermeldingen\/","og_locale":"nl_NL","og_type":"article","og_title":"Wettelijke vermeldingen &#8226; Florette","og_description":"Voorstelling van de website Beheerder van de website Deze website is eigendom van: Florette Benelux BVBA Ondernemingsnummer: 0640.979.859 Vennootschap met [&hellip;]","og_url":"https:\/\/florette.be\/nl\/wettelijke-vermeldingen\/","og_site_name":"Florette","article_publisher":"https:\/\/www.facebook.com\/Florettebelgium\/","article_modified_time":"2024-12-24T16:46:45+00:00","og_image":[{"width":244,"height":140,"url":"https:\/\/florette.be\/wp-content\/uploads\/2021\/10\/logo.png","type":"image\/png"}],"twitter_card":"summary_large_image","twitter_misc":{"Est. reading time":"6 minutes"},"schema":{"@context":"https:\/\/schema.org","@graph":[{"@type":"WebPage","@id":"https:\/\/florette.be\/nl\/wettelijke-vermeldingen\/","url":"https:\/\/florette.be\/nl\/wettelijke-vermeldingen\/","name":"Wettelijke vermeldingen &#8226; Florette","isPartOf":{"@id":"https:\/\/florette.be\/#website"},"datePublished":"2024-12-23T07:54:28+00:00","dateModified":"2024-12-24T16:46:45+00:00","breadcrumb":{"@id":"https:\/\/florette.be\/nl\/wettelijke-vermeldingen\/#breadcrumb"},"inLanguage":"nl-NL","potentialAction":[{"@type":"ReadAction","target":["https:\/\/florette.be\/nl\/wettelijke-vermeldingen\/"]}]},{"@type":"BreadcrumbList","@id":"https:\/\/florette.be\/nl\/wettelijke-vermeldingen\/#breadcrumb","itemListElement":[{"@type":"ListItem","position":1,"name":"Home","item":"https:\/\/florette.be\/nl\/"},{"@type":"ListItem","position":2,"name":"Wettelijke vermeldingen"}]},{"@type":"WebSite","@id":"https:\/\/florette.be\/#website","url":"https:\/\/florette.be\/","name":"Florette","description":"Des salades, des l\u00e9gumes \u00e0 cuire ou \u00e0 croquer, des fruits, des jus, des herbes... D\u00e9couvrez nos produits, actualit\u00e9s, promotions et recettes Florette.","publisher":{"@id":"https:\/\/florette.be\/#organization"},"potentialAction":[{"@type":"SearchAction","target":{"@type":"EntryPoint","urlTemplate":"https:\/\/florette.be\/?s={search_term_string}"},"query-input":{"@type":"PropertyValueSpecification","valueRequired":true,"valueName":"search_term_string"}}],"inLanguage":"nl-NL"},{"@type":"Organization","@id":"https:\/\/florette.be\/#organization","name":"Florette","url":"https:\/\/florette.be\/","logo":{"@type":"ImageObject","inLanguage":"nl-NL","@id":"https:\/\/florette.be\/#\/schema\/logo\/image\/","url":"https:\/\/florette.be\/wp-content\/uploads\/2021\/10\/logo.png","contentUrl":"https:\/\/florette.be\/wp-content\/uploads\/2021\/10\/logo.png","width":244,"height":140,"caption":"Florette"},"image":{"@id":"https:\/\/florette.be\/#\/schema\/logo\/image\/"},"sameAs":["https:\/\/www.facebook.com\/Florettebelgium\/","https:\/\/www.instagram.com\/florette_be\/"]}]}},"_links":{"self":[{"href":"https:\/\/florette.be\/nl\/wp-json\/wp\/v2\/pages\/17573","targetHints":{"allow":["GET"]}}],"collection":[{"href":"https:\/\/florette.be\/nl\/wp-json\/wp\/v2\/pages"}],"about":[{"href":"https:\/\/florette.be\/nl\/wp-json\/wp\/v2\/types\/page"}],"author":[{"embeddable":true,"href":"https:\/\/florette.be\/nl\/wp-json\/wp\/v2\/users\/1"}],"replies":[{"embeddable":true,"href":"https:\/\/florette.be\/nl\/wp-json\/wp\/v2\/comments?post=17573"}],"version-history":[{"count":3,"href":"https:\/\/florette.be\/nl\/wp-json\/wp\/v2\/pages\/17573\/revisions"}],"predecessor-version":[{"id":17579,"href":"https:\/\/florette.be\/nl\/wp-json\/wp\/v2\/pages\/17573\/revisions\/17579"}],"wp:attachment":[{"href":"https:\/\/florette.be\/nl\/wp-json\/wp\/v2\/media?parent=17573"}],"curies":[{"name":"wp","href":"https:\/\/api.w.org\/{rel}","templated":true}]}}