{"id":22432,"date":"2025-11-19T13:30:20","date_gmt":"2025-11-19T12:30:20","guid":{"rendered":"https:\/\/florette.be\/concours-moulinex\/"},"modified":"2026-03-23T22:50:55","modified_gmt":"2026-03-23T21:50:55","slug":"wedstrijd-lente","status":"publish","type":"page","link":"https:\/\/florette.be\/nl\/wedstrijd-lente\/","title":{"rendered":"Wedstrijd Lente"},"content":{"rendered":"<div class=\"wpb-content-wrapper\"><p>[vc_row][vc_column css=&#8221;.vc_custom_1760692795075{margin-top: 20px !important;margin-bottom: 60px !important;}&#8221;][vc_column_text css=&#8221;&#8221;]<\/p>\n<p style=\"text-align: center;\">Neem deel aan onze grote Florette Lente wedstrijd en maak kans op heerlijke prijzen:<br \/>\n<span style=\"color: #333333;\">&#8211; 2 x 1 lente-picknickmand<br \/>\n&#8211; 30 x 1 Florette wortelknuffel<\/span><\/p>\n<p style=\"text-align: center;\">Verander je maaltijden in gezonde, snelle en lekkere momenten.<\/p>\n<p>[\/vc_column_text][\/vc_column][\/vc_row][vc_row][vc_column width=&#8221;2\/3&#8243;]<noscript class=\"ninja-forms-noscript-message\">\n\tKennisgeving: Voor dit product is een JavaScript vereist.<\/noscript>\n<div id=\"nf-form-19-cont\" class=\"nf-form-cont\" aria-live=\"polite\" aria-labelledby=\"nf-form-title-19\" aria-describedby=\"nf-form-errors-19\" role=\"form\">\n\n    <div class=\"nf-loading-spinner\"><\/div>\n\n<\/div>\n        <!-- That data is being printed as a workaround to page builders reordering the order of the scripts loaded-->\n        <script>var formDisplay=1;var nfForms=nfForms||[];var form=[];form.id='19';form.settings={\"objectType\":\"Form Setting\",\"editActive\":true,\"title\":\"Concours Printemps - NL\",\"default_label_pos\":\"above\",\"show_title\":\"0\",\"clear_complete\":\"1\",\"hide_complete\":\"1\",\"logged_in\":\"\",\"wrapper_class\":\"\",\"element_class\":\"\",\"key\":\"\",\"add_submit\":\"0\",\"currency\":\"\",\"repeatable_fieldsets\":\"\",\"unique_field_error\":\"Un formulaire avec cette valeur a d\\u00e9j\\u00e0 \\u00e9t\\u00e9 envoy\\u00e9.\",\"not_logged_in_msg\":\"\",\"sub_limit_msg\":\"Le formulaire a atteint sa limite d\\u2019entr\\u00e9es.\",\"calculations\":[],\"formContentData\":[\"quel_animal_judy_hoops_1760690906705\",\"hoeveel_personen_zullen_deelnemen_aan_deze_wedstrijd_1760958600234\",\"naam_1760958808118\",\"voornaam_1760958610204\",\"email_1652347335328\",\"ik_aanvaard_het_less_than_a_href_http_florette_be_wp-content_uploads_2026_03_florette_reglement_printemps_nl_docx_pdf_target_blank_greater_than_wedstrijdreglement_less_than_a_greater_than_1774281329178\",\"neem_deel_1760958648433\"],\"changeEmailErrorMsg\":\"Voer een geldig e-mailadres in!\",\"changeDateErrorMsg\":\"Please enter a valid date!\",\"confirmFieldErrorMsg\":\"Deze velden moeten overeenkomen\",\"fieldNumberNumMinError\":\"Fout met minimumaantal\",\"fieldNumberNumMaxError\":\"Fout met maximumaantal\",\"fieldNumberIncrementBy\":\"Toenemen met \",\"formErrorsCorrectErrors\":\"Corrigeer de fouten voordat je dit formulier indient.\",\"validateRequiredField\":\"Dit is een verplicht veld.\",\"honeypotHoneypotError\":\"Honeypot-fout\",\"fieldsMarkedRequired\":\"Velden die gemarkeerd zijn met een <span class=\\\"ninja-forms-req-symbol\\\">*<\\\/span> zijn verplichte velden.\",\"drawerDisabled\":false,\"form_title_heading_level\":\"3\",\"objectDomain\":\"display\",\"allow_public_link\":0,\"embed_form\":\"\",\"ninjaForms\":\"Ninja-formulieren\",\"fieldTextareaRTEInsertLink\":\"Koppeling invoegen\",\"fieldTextareaRTEInsertMedia\":\"Media invoegen\",\"fieldTextareaRTESelectAFile\":\"Selecteer een bestand\",\"tableInsertRowAbove\":\"Insert Row Above\",\"tableInsertRowBelow\":\"Insert Row Below\",\"tableInsertColumnLeft\":\"Insert Column Left\",\"tableInsertColumnRight\":\"Insert Column Right\",\"tableDeleteRow\":\"Delete Row\",\"tableDeleteColumn\":\"Delete Column\",\"tableDeleteTable\":\"Delete Table\",\"tableLegacyNotice\":\"This content has tables in the old editor format. Custom styles are preserved until converted. Editing will update to the new format.\",\"tableLegacyConvert\":\"Convert Now\",\"tableInsertTable\":\"Insert Table\",\"dismiss\":\"Verbergen\",\"insertLink\":\"Koppeling invoegen\",\"formHoneypot\":\"Als je een persoon bent die dit veld ziet, laat je het leeg.\",\"fileUploadOldCodeFileUploadInProgress\":\"Bestand wordt ge\\u00fcpload.\",\"fileUploadOldCodeFileUpload\":\"BESTANDSUPLOAD\",\"currencySymbol\":\"&euro;\",\"thousands_sep\":\",\",\"decimal_point\":\".\",\"siteLocale\":\"nl_NL\",\"dateFormat\":\"m\\\/d\\\/Y\",\"startOfWeek\":\"1\",\"of\":\"van\",\"previousMonth\":\"Previous Month\",\"nextMonth\":\"Next Month\",\"months\":[\"January\",\"February\",\"March\",\"April\",\"May\",\"June\",\"July\",\"August\",\"September\",\"October\",\"November\",\"December\"],\"monthsShort\":[\"Jan\",\"Feb\",\"Mar\",\"Apr\",\"May\",\"Jun\",\"Jul\",\"Aug\",\"Sep\",\"Oct\",\"Nov\",\"Dec\"],\"weekdays\":[\"Sunday\",\"Monday\",\"Tuesday\",\"Wednesday\",\"Thursday\",\"Friday\",\"Saturday\"],\"weekdaysShort\":[\"Sun\",\"Mon\",\"Tue\",\"Wed\",\"Thu\",\"Fri\",\"Sat\"],\"weekdaysMin\":[\"Su\",\"Mo\",\"Tu\",\"We\",\"Th\",\"Fr\",\"Sa\"],\"recaptchaConsentMissing\":\"reCaptcha validation couldn&#039;t load.\",\"recaptchaMissingCookie\":\"reCaptcha v3 validation couldn&#039;t load the cookie needed to submit the form.\",\"recaptchaConsentEvent\":\"Accept reCaptcha cookies before sending the form.\",\"currency_symbol\":\"\",\"beforeForm\":\"\",\"beforeFields\":\"\",\"afterFields\":\"\",\"afterForm\":\"\"};form.fields=[{\"objectType\":\"Field\",\"objectDomain\":\"fields\",\"editActive\":false,\"order\":2,\"idAttribute\":\"id\",\"label\":\"Hoeveel weegt een zakje van onze <a href=\\\"https:\\\/\\\/florette.be\\\/nl\\\/produits\\\/baby-carrots-bio\\\/\\\">Baby Carrots<\\\/a>?\",\"type\":\"listradio\",\"key\":\"quel_animal_judy_hoops_1760690906705\",\"label_pos\":\"above\",\"required\":1,\"options\":[{\"errors\":[],\"max_options\":0,\"label\":\"180g\",\"value\":\"180g\",\"calc\":\"\",\"selected\":0,\"order\":0,\"settingModel\":{\"settings\":false,\"hide_merge_tags\":false,\"error\":false,\"name\":\"options\",\"type\":\"option-repeater\",\"label\":\"Options <a href=\\\"#\\\" class=\\\"nf-add-new\\\">Ajouter<\\\/a> <a href=\\\"#\\\" class=\\\"extra nf-open-import-tooltip\\\"><i class=\\\"fa fa-sign-in\\\" aria-hidden=\\\"true\\\"><\\\/i> Importer<\\\/a>\",\"width\":\"full\",\"group\":\"\",\"value\":[{\"label\":\"Un\",\"value\":\"un\",\"calc\":\"\",\"selected\":0,\"order\":0},{\"label\":\"Deux\",\"value\":\"deux\",\"calc\":\"\",\"selected\":0,\"order\":1},{\"label\":\"Trois\",\"value\":\"trois\",\"calc\":\"\",\"selected\":0,\"order\":2}],\"columns\":{\"label\":{\"header\":\"Libell\\u00e9\",\"default\":\"\"},\"value\":{\"header\":\"Valeur\",\"default\":\"\"},\"calc\":{\"header\":\"Valeur de calcul\",\"default\":\"\"},\"selected\":{\"header\":\"<span class=\\\"dashicons dashicons-yes\\\"><\\\/span>\",\"default\":0}}},\"manual_value\":true},{\"errors\":[],\"max_options\":0,\"label\":\"20g\",\"value\":\"20g\",\"calc\":\"\",\"selected\":0,\"order\":1,\"settingModel\":{\"settings\":false,\"hide_merge_tags\":false,\"error\":false,\"name\":\"options\",\"type\":\"option-repeater\",\"label\":\"Options <a href=\\\"#\\\" class=\\\"nf-add-new\\\">Ajouter<\\\/a> <a href=\\\"#\\\" class=\\\"extra nf-open-import-tooltip\\\"><i class=\\\"fa fa-sign-in\\\" aria-hidden=\\\"true\\\"><\\\/i> Importer<\\\/a>\",\"width\":\"full\",\"group\":\"\",\"value\":[{\"label\":\"Un\",\"value\":\"un\",\"calc\":\"\",\"selected\":0,\"order\":0},{\"label\":\"Deux\",\"value\":\"deux\",\"calc\":\"\",\"selected\":0,\"order\":1},{\"label\":\"Trois\",\"value\":\"trois\",\"calc\":\"\",\"selected\":0,\"order\":2}],\"columns\":{\"label\":{\"header\":\"Libell\\u00e9\",\"default\":\"\"},\"value\":{\"header\":\"Valeur\",\"default\":\"\"},\"calc\":{\"header\":\"Valeur de calcul\",\"default\":\"\"},\"selected\":{\"header\":\"<span class=\\\"dashicons dashicons-yes\\\"><\\\/span>\",\"default\":0}}},\"manual_value\":true},{\"errors\":[],\"max_options\":0,\"label\":\"1kg\",\"value\":\"1kg\",\"calc\":\"\",\"selected\":0,\"order\":2,\"settingModel\":{\"settings\":false,\"hide_merge_tags\":false,\"error\":false,\"name\":\"options\",\"type\":\"option-repeater\",\"label\":\"Options <a href=\\\"#\\\" class=\\\"nf-add-new\\\">Ajouter<\\\/a> <a href=\\\"#\\\" class=\\\"extra nf-open-import-tooltip\\\"><i class=\\\"fa fa-sign-in\\\" aria-hidden=\\\"true\\\"><\\\/i> Importer<\\\/a>\",\"width\":\"full\",\"group\":\"\",\"value\":[{\"label\":\"Un\",\"value\":\"un\",\"calc\":\"\",\"selected\":0,\"order\":0},{\"label\":\"Deux\",\"value\":\"deux\",\"calc\":\"\",\"selected\":0,\"order\":1},{\"label\":\"Trois\",\"value\":\"trois\",\"calc\":\"\",\"selected\":0,\"order\":2}],\"columns\":{\"label\":{\"header\":\"Libell\\u00e9\",\"default\":\"\"},\"value\":{\"header\":\"Valeur\",\"default\":\"\"},\"calc\":{\"header\":\"Valeur de calcul\",\"default\":\"\"},\"selected\":{\"header\":\"<span class=\\\"dashicons dashicons-yes\\\"><\\\/span>\",\"default\":0}}},\"manual_value\":true}],\"container_class\":\"ontour margined no-bold-label\",\"element_class\":\"\",\"admin_label\":\"\",\"help_text\":\"\",\"drawerDisabled\":false,\"field_label\":\"Met welk Moulinex-toestel kan je snel en gezond je Florette-groenten bereiden?\",\"field_key\":\"quel_animal_judy_hoops_1760690906705\",\"manual_key\":1,\"id\":147,\"beforeField\":\"\",\"afterField\":\"\",\"value\":\"\",\"parentType\":\"list\",\"element_templates\":[\"listradio\",\"input\"],\"old_classname\":\"list-radio\",\"wrap_template\":\"wrap\"},{\"objectType\":\"Field\",\"objectDomain\":\"fields\",\"editActive\":false,\"order\":3,\"idAttribute\":\"id\",\"label\":\"Hoeveel personen zullen deelnemen aan deze wedstrijd?\",\"type\":\"textbox\",\"key\":\"hoeveel_personen_zullen_deelnemen_aan_deze_wedstrijd_1760958600234\",\"label_pos\":\"above\",\"required\":1,\"default\":\"\",\"placeholder\":\"\",\"container_class\":\"\",\"element_class\":\"\",\"input_limit\":\"\",\"input_limit_type\":\"characters\",\"input_limit_msg\":\"Caract\\u00e8re(s) restant(s)\",\"manual_key\":\"\",\"admin_label\":\"\",\"help_text\":\"\",\"mask\":\"\",\"custom_mask\":\"\",\"custom_name_attribute\":\"\",\"personally_identifiable\":\"\",\"value\":\"\",\"drawerDisabled\":\"\",\"field_label\":\"Hoeveel personen zullen deelnemen aan deze wedstrijd?\",\"field_key\":\"hoeveel_personen_zullen_deelnemen_aan_deze_wedstrijd_1760958600234\",\"id\":148,\"beforeField\":\"\",\"afterField\":\"\",\"parentType\":\"textbox\",\"element_templates\":[\"textbox\",\"input\"],\"old_classname\":\"\",\"wrap_template\":\"wrap\"},{\"objectType\":\"Field\",\"objectDomain\":\"fields\",\"editActive\":false,\"order\":4,\"idAttribute\":\"id\",\"label\":\"Naam\",\"type\":\"lastname\",\"key\":\"naam_1760958808118\",\"label_pos\":\"above\",\"required\":1,\"default\":\"\",\"placeholder\":\"\",\"container_class\":\"\",\"element_class\":\"\",\"admin_label\":\"\",\"help_text\":\"\",\"custom_name_attribute\":\"lname\",\"personally_identifiable\":1,\"value\":\"\",\"field_label\":\"Naam\",\"field_key\":\"naam_1760958808118\",\"drawerDisabled\":\"\",\"id\":149,\"beforeField\":\"\",\"afterField\":\"\",\"parentType\":\"lastname\",\"element_templates\":[\"lastname\",\"input\"],\"old_classname\":\"\",\"wrap_template\":\"wrap\"},{\"objectType\":\"Field\",\"objectDomain\":\"fields\",\"editActive\":false,\"order\":5,\"idAttribute\":\"id\",\"label\":\"Voornaam\",\"type\":\"firstname\",\"key\":\"voornaam_1760958610204\",\"label_pos\":\"above\",\"required\":1,\"default\":\"\",\"placeholder\":\"\",\"container_class\":\"\",\"element_class\":\"\",\"admin_label\":\"\",\"help_text\":\"\",\"custom_name_attribute\":\"fname\",\"personally_identifiable\":1,\"value\":\"\",\"field_label\":\"Voornaam\",\"field_key\":\"voornaam_1760958610204\",\"disable_browser_autocomplete\":1,\"drawerDisabled\":\"\",\"id\":150,\"beforeField\":\"\",\"afterField\":\"\",\"parentType\":\"firstname\",\"element_templates\":[\"firstname\",\"input\"],\"old_classname\":\"\",\"wrap_template\":\"wrap\"},{\"objectType\":\"Field\",\"objectDomain\":\"fields\",\"editActive\":false,\"order\":6,\"idAttribute\":\"id\",\"label\":\"E-mail\",\"type\":\"email\",\"key\":\"email_1652347335328\",\"label_pos\":\"above\",\"required\":1,\"default\":\"\",\"placeholder\":\"\",\"container_class\":\"\",\"element_class\":\"\",\"admin_label\":\"\",\"help_text\":\"\",\"custom_name_attribute\":\"email\",\"personally_identifiable\":1,\"value\":\"\",\"field_label\":\"E-mail\",\"field_key\":\"email_1652347335328\",\"drawerDisabled\":\"\",\"id\":151,\"beforeField\":\"\",\"afterField\":\"\",\"parentType\":\"email\",\"element_templates\":[\"email\",\"input\"],\"old_classname\":\"\",\"wrap_template\":\"wrap\"},{\"objectType\":\"Field\",\"objectDomain\":\"fields\",\"editActive\":false,\"order\":7,\"idAttribute\":\"id\",\"label\":\"Ik aanvaard het <a href=\\\"http:\\\/\\\/florette.be\\\/wp-content\\\/uploads\\\/2026\\\/03\\\/Florette_Reglement_Printemps_NL.docx.pdf\\\" target=\\\"_blank\\\">wedstrijdreglement.<\\\/a>\",\"type\":\"checkbox\",\"key\":\"ik_aanvaard_het_less_than_a_href_http_florette_be_wp-content_uploads_2026_03_florette_reglement_printemps_nl_docx_pdf_target_blank_greater_than_wedstrijdreglement_less_than_a_greater_than_1774281329178\",\"label_pos\":\"right\",\"required\":1,\"container_class\":\"\",\"element_class\":\"\",\"manual_key\":\"\",\"admin_label\":\"\",\"help_text\":\"\",\"default_value\":\"unchecked\",\"checked_value\":\"r\\u00e8glement accept\\u00e9\",\"unchecked_value\":\"r\\u00e8glement refus\\u00e9\",\"checked_calc_value\":\"\",\"unchecked_calc_value\":\"\",\"drawerDisabled\":false,\"field_label\":\"Ik aanvaard het <a href=\\\"http:\\\/\\\/florette.be\\\/wp-content\\\/uploads\\\/2025\\\/11\\\/Florette_Reglement_Moulinex_NL.pdf\\\" target=\\\"_blank\\\">wedstrijdreglement.<\\\/a>\",\"field_key\":\"ik_aanvaard_het_less_than_a_href_http_florette_be_wp-content_uploads_2025_11_florette_reglement_moulinex_nl_pdf_target_blank_greater_than_wedstrijdreglement_less_than_a_greater_than_1764233028794\",\"id\":153,\"beforeField\":\"\",\"afterField\":\"\",\"value\":\"\",\"parentType\":\"checkbox\",\"element_templates\":[\"checkbox\",\"input\"],\"old_classname\":\"\",\"wrap_template\":\"wrap\"},{\"objectType\":\"Field\",\"objectDomain\":\"fields\",\"editActive\":false,\"order\":8,\"idAttribute\":\"id\",\"label\":\"Neem deel\",\"type\":\"submit\",\"processing_label\":\"En cours de traitement\",\"container_class\":\"\",\"element_class\":\"button -zootopia mt3 mr4\",\"key\":\"neem_deel_1760958648433\",\"drawerDisabled\":\"\",\"field_label\":\"Neem deel\",\"field_key\":\"neem_deel_1760958648433\",\"admin_label\":\"\",\"id\":152,\"beforeField\":\"\",\"afterField\":\"\",\"value\":\"\",\"label_pos\":\"above\",\"parentType\":\"textbox\",\"element_templates\":[\"submit\",\"button\",\"input\"],\"old_classname\":\"\",\"wrap_template\":\"wrap-no-label\"}];nfForms.push(form);<\/script>\n        [\/vc_column][vc_column width=&#8221;1\/3&#8243;][\/vc_column][\/vc_row]<\/p>\n<\/div>","protected":false},"excerpt":{"rendered":"[vc_row][vc_column css=&#8221;.vc_custom_1760692795075{margin-top: 20px !important;margin-bottom: 60px !important;}&#8221;][vc_column_text css=&#8221;&#8221;] Neem deel aan onze grote Florette Lente wedstrijd en maak kans op heerlijke [&hellip;]","protected":false},"author":1,"featured_media":27032,"parent":0,"menu_order":0,"comment_status":"closed","ping_status":"closed","template":"concours-white.php","meta":{"footnotes":""},"class_list":["post-22432","page","type-page","status-publish","has-post-thumbnail","hentry"],"yoast_head":"<!-- This site is optimized with the Yoast SEO plugin v27.5 - https:\/\/yoast.com\/product\/yoast-seo-wordpress\/ -->\n<title>Wedstrijd Lente &#8226; Florette<\/title>\n<meta name=\"robots\" content=\"index, follow, max-snippet:-1, max-image-preview:large, max-video-preview:-1\" \/>\n<link rel=\"canonical\" href=\"https:\/\/florette.be\/nl\/wedstrijd-lente\/\" \/>\n<meta property=\"og:locale\" content=\"nl_NL\" \/>\n<meta property=\"og:type\" content=\"article\" \/>\n<meta property=\"og:title\" content=\"Wedstrijd Lente &#8226; Florette\" \/>\n<meta property=\"og:description\" content=\"[vc_row][vc_column css=&#8221;.vc_custom_1760692795075{margin-top: 20px !important;margin-bottom: 60px !important;}&#8221;][vc_column_text css=&#8221;&#8221;] Neem deel aan onze grote Florette Lente wedstrijd en maak kans op heerlijke [&hellip;]\" \/>\n<meta property=\"og:url\" content=\"https:\/\/florette.be\/nl\/wedstrijd-lente\/\" \/>\n<meta property=\"og:site_name\" content=\"Florette\" \/>\n<meta property=\"article:publisher\" content=\"https:\/\/www.facebook.com\/Florettebelgium\/\" \/>\n<meta property=\"article:modified_time\" content=\"2026-03-23T21:50:55+00:00\" \/>\n<meta property=\"og:image\" content=\"http:\/\/florette.be\/wp-content\/uploads\/2026\/03\/FLORETTE_LandingP-Concours_Panier_NL.jpg\" \/>\n\t<meta property=\"og:image:width\" content=\"2084\" \/>\n\t<meta property=\"og:image:height\" content=\"1203\" \/>\n\t<meta property=\"og:image:type\" content=\"image\/jpeg\" \/>\n<meta name=\"twitter:card\" content=\"summary_large_image\" \/>\n<meta name=\"twitter:label1\" content=\"Est. reading time\" \/>\n\t<meta name=\"twitter:data1\" content=\"1 minute\" \/>\n<script type=\"application\/ld+json\" class=\"yoast-schema-graph\">{\"@context\":\"https:\\\/\\\/schema.org\",\"@graph\":[{\"@type\":\"WebPage\",\"@id\":\"https:\\\/\\\/florette.be\\\/nl\\\/wedstrijd-lente\\\/\",\"url\":\"https:\\\/\\\/florette.be\\\/nl\\\/wedstrijd-lente\\\/\",\"name\":\"Wedstrijd Lente &#8226; Florette\",\"isPartOf\":{\"@id\":\"https:\\\/\\\/florette.be\\\/#website\"},\"primaryImageOfPage\":{\"@id\":\"https:\\\/\\\/florette.be\\\/nl\\\/wedstrijd-lente\\\/#primaryimage\"},\"image\":{\"@id\":\"https:\\\/\\\/florette.be\\\/nl\\\/wedstrijd-lente\\\/#primaryimage\"},\"thumbnailUrl\":\"https:\\\/\\\/florette.be\\\/wp-content\\\/uploads\\\/2026\\\/03\\\/FLORETTE_LandingP-Concours_Panier_NL.jpg\",\"datePublished\":\"2025-11-19T12:30:20+00:00\",\"dateModified\":\"2026-03-23T21:50:55+00:00\",\"breadcrumb\":{\"@id\":\"https:\\\/\\\/florette.be\\\/nl\\\/wedstrijd-lente\\\/#breadcrumb\"},\"inLanguage\":\"nl-NL\",\"potentialAction\":[{\"@type\":\"ReadAction\",\"target\":[\"https:\\\/\\\/florette.be\\\/nl\\\/wedstrijd-lente\\\/\"]}]},{\"@type\":\"ImageObject\",\"inLanguage\":\"nl-NL\",\"@id\":\"https:\\\/\\\/florette.be\\\/nl\\\/wedstrijd-lente\\\/#primaryimage\",\"url\":\"https:\\\/\\\/florette.be\\\/wp-content\\\/uploads\\\/2026\\\/03\\\/FLORETTE_LandingP-Concours_Panier_NL.jpg\",\"contentUrl\":\"https:\\\/\\\/florette.be\\\/wp-content\\\/uploads\\\/2026\\\/03\\\/FLORETTE_LandingP-Concours_Panier_NL.jpg\",\"width\":2084,\"height\":1203},{\"@type\":\"BreadcrumbList\",\"@id\":\"https:\\\/\\\/florette.be\\\/nl\\\/wedstrijd-lente\\\/#breadcrumb\",\"itemListElement\":[{\"@type\":\"ListItem\",\"position\":1,\"name\":\"Home\",\"item\":\"https:\\\/\\\/florette.be\\\/nl\\\/\"},{\"@type\":\"ListItem\",\"position\":2,\"name\":\"Wedstrijd Lente\"}]},{\"@type\":\"WebSite\",\"@id\":\"https:\\\/\\\/florette.be\\\/#website\",\"url\":\"https:\\\/\\\/florette.be\\\/\",\"name\":\"Florette\",\"description\":\"Des salades, des l\u00e9gumes \u00e0 cuire ou \u00e0 croquer, des fruits, des jus, des herbes... D\u00e9couvrez nos produits, actualit\u00e9s, promotions et recettes Florette.\",\"publisher\":{\"@id\":\"https:\\\/\\\/florette.be\\\/#organization\"},\"potentialAction\":[{\"@type\":\"SearchAction\",\"target\":{\"@type\":\"EntryPoint\",\"urlTemplate\":\"https:\\\/\\\/florette.be\\\/?s={search_term_string}\"},\"query-input\":{\"@type\":\"PropertyValueSpecification\",\"valueRequired\":true,\"valueName\":\"search_term_string\"}}],\"inLanguage\":\"nl-NL\"},{\"@type\":\"Organization\",\"@id\":\"https:\\\/\\\/florette.be\\\/#organization\",\"name\":\"Florette\",\"url\":\"https:\\\/\\\/florette.be\\\/\",\"logo\":{\"@type\":\"ImageObject\",\"inLanguage\":\"nl-NL\",\"@id\":\"https:\\\/\\\/florette.be\\\/#\\\/schema\\\/logo\\\/image\\\/\",\"url\":\"https:\\\/\\\/florette.be\\\/wp-content\\\/uploads\\\/2021\\\/10\\\/logo.png\",\"contentUrl\":\"https:\\\/\\\/florette.be\\\/wp-content\\\/uploads\\\/2021\\\/10\\\/logo.png\",\"width\":244,\"height\":140,\"caption\":\"Florette\"},\"image\":{\"@id\":\"https:\\\/\\\/florette.be\\\/#\\\/schema\\\/logo\\\/image\\\/\"},\"sameAs\":[\"https:\\\/\\\/www.facebook.com\\\/Florettebelgium\\\/\",\"https:\\\/\\\/www.instagram.com\\\/florette_be\\\/\"]}]}<\/script>\n<!-- \/ Yoast SEO plugin. -->","yoast_head_json":{"title":"Wedstrijd Lente &#8226; Florette","robots":{"index":"index","follow":"follow","max-snippet":"max-snippet:-1","max-image-preview":"max-image-preview:large","max-video-preview":"max-video-preview:-1"},"canonical":"https:\/\/florette.be\/nl\/wedstrijd-lente\/","og_locale":"nl_NL","og_type":"article","og_title":"Wedstrijd Lente &#8226; Florette","og_description":"[vc_row][vc_column css=&#8221;.vc_custom_1760692795075{margin-top: 20px !important;margin-bottom: 60px !important;}&#8221;][vc_column_text css=&#8221;&#8221;] Neem deel aan onze grote Florette Lente wedstrijd en maak kans op heerlijke [&hellip;]","og_url":"https:\/\/florette.be\/nl\/wedstrijd-lente\/","og_site_name":"Florette","article_publisher":"https:\/\/www.facebook.com\/Florettebelgium\/","article_modified_time":"2026-03-23T21:50:55+00:00","og_image":[{"width":2084,"height":1203,"url":"http:\/\/florette.be\/wp-content\/uploads\/2026\/03\/FLORETTE_LandingP-Concours_Panier_NL.jpg","type":"image\/jpeg"}],"twitter_card":"summary_large_image","twitter_misc":{"Est. reading time":"1 minute"},"schema":{"@context":"https:\/\/schema.org","@graph":[{"@type":"WebPage","@id":"https:\/\/florette.be\/nl\/wedstrijd-lente\/","url":"https:\/\/florette.be\/nl\/wedstrijd-lente\/","name":"Wedstrijd Lente &#8226; Florette","isPartOf":{"@id":"https:\/\/florette.be\/#website"},"primaryImageOfPage":{"@id":"https:\/\/florette.be\/nl\/wedstrijd-lente\/#primaryimage"},"image":{"@id":"https:\/\/florette.be\/nl\/wedstrijd-lente\/#primaryimage"},"thumbnailUrl":"https:\/\/florette.be\/wp-content\/uploads\/2026\/03\/FLORETTE_LandingP-Concours_Panier_NL.jpg","datePublished":"2025-11-19T12:30:20+00:00","dateModified":"2026-03-23T21:50:55+00:00","breadcrumb":{"@id":"https:\/\/florette.be\/nl\/wedstrijd-lente\/#breadcrumb"},"inLanguage":"nl-NL","potentialAction":[{"@type":"ReadAction","target":["https:\/\/florette.be\/nl\/wedstrijd-lente\/"]}]},{"@type":"ImageObject","inLanguage":"nl-NL","@id":"https:\/\/florette.be\/nl\/wedstrijd-lente\/#primaryimage","url":"https:\/\/florette.be\/wp-content\/uploads\/2026\/03\/FLORETTE_LandingP-Concours_Panier_NL.jpg","contentUrl":"https:\/\/florette.be\/wp-content\/uploads\/2026\/03\/FLORETTE_LandingP-Concours_Panier_NL.jpg","width":2084,"height":1203},{"@type":"BreadcrumbList","@id":"https:\/\/florette.be\/nl\/wedstrijd-lente\/#breadcrumb","itemListElement":[{"@type":"ListItem","position":1,"name":"Home","item":"https:\/\/florette.be\/nl\/"},{"@type":"ListItem","position":2,"name":"Wedstrijd Lente"}]},{"@type":"WebSite","@id":"https:\/\/florette.be\/#website","url":"https:\/\/florette.be\/","name":"Florette","description":"Des salades, des l\u00e9gumes \u00e0 cuire ou \u00e0 croquer, des fruits, des jus, des herbes... D\u00e9couvrez nos produits, actualit\u00e9s, promotions et recettes Florette.","publisher":{"@id":"https:\/\/florette.be\/#organization"},"potentialAction":[{"@type":"SearchAction","target":{"@type":"EntryPoint","urlTemplate":"https:\/\/florette.be\/?s={search_term_string}"},"query-input":{"@type":"PropertyValueSpecification","valueRequired":true,"valueName":"search_term_string"}}],"inLanguage":"nl-NL"},{"@type":"Organization","@id":"https:\/\/florette.be\/#organization","name":"Florette","url":"https:\/\/florette.be\/","logo":{"@type":"ImageObject","inLanguage":"nl-NL","@id":"https:\/\/florette.be\/#\/schema\/logo\/image\/","url":"https:\/\/florette.be\/wp-content\/uploads\/2021\/10\/logo.png","contentUrl":"https:\/\/florette.be\/wp-content\/uploads\/2021\/10\/logo.png","width":244,"height":140,"caption":"Florette"},"image":{"@id":"https:\/\/florette.be\/#\/schema\/logo\/image\/"},"sameAs":["https:\/\/www.facebook.com\/Florettebelgium\/","https:\/\/www.instagram.com\/florette_be\/"]}]}},"_links":{"self":[{"href":"https:\/\/florette.be\/nl\/wp-json\/wp\/v2\/pages\/22432","targetHints":{"allow":["GET"]}}],"collection":[{"href":"https:\/\/florette.be\/nl\/wp-json\/wp\/v2\/pages"}],"about":[{"href":"https:\/\/florette.be\/nl\/wp-json\/wp\/v2\/types\/page"}],"author":[{"embeddable":true,"href":"https:\/\/florette.be\/nl\/wp-json\/wp\/v2\/users\/1"}],"replies":[{"embeddable":true,"href":"https:\/\/florette.be\/nl\/wp-json\/wp\/v2\/comments?post=22432"}],"version-history":[{"count":9,"href":"https:\/\/florette.be\/nl\/wp-json\/wp\/v2\/pages\/22432\/revisions"}],"predecessor-version":[{"id":27036,"href":"https:\/\/florette.be\/nl\/wp-json\/wp\/v2\/pages\/22432\/revisions\/27036"}],"wp:featuredmedia":[{"embeddable":true,"href":"https:\/\/florette.be\/nl\/wp-json\/wp\/v2\/media\/27032"}],"wp:attachment":[{"href":"https:\/\/florette.be\/nl\/wp-json\/wp\/v2\/media?parent=22432"}],"curies":[{"name":"wp","href":"https:\/\/api.w.org\/{rel}","templated":true}]}}