{"id":49,"date":"2021-07-13T10:42:41","date_gmt":"2021-07-13T08:42:41","guid":{"rendered":"https:\/\/florette.atypic-digital.be\/homepage\/"},"modified":"2023-06-19T14:43:51","modified_gmt":"2023-06-19T12:43:51","slug":"florette-des-salades-legumes-pour-tous-les-gouts","status":"publish","type":"page","link":"https:\/\/florette.be\/nl\/","title":{"rendered":"Homepage"},"content":{"rendered":"","protected":false},"excerpt":{"rendered":"","protected":false},"author":1,"featured_media":6882,"parent":0,"menu_order":0,"comment_status":"closed","ping_status":"closed","template":"homepage.php","meta":{"footnotes":""},"class_list":["post-49","page","type-page","status-publish","has-post-thumbnail","hentry"],"yoast_head":"<!-- This site is optimized with the Yoast SEO plugin v27.5 - https:\/\/yoast.com\/product\/yoast-seo-wordpress\/ -->\n<title>Homepage &#8226; Florette<\/title>\n<meta name=\"description\" content=\"D\u00e9couvrez notre gamme de produits frais, nos recettes cr\u00e9atives ainsi que nos astuces et conseils en cuisine pour des moments conviviaux.\" \/>\n<meta name=\"robots\" content=\"index, follow, max-snippet:-1, max-image-preview:large, max-video-preview:-1\" \/>\n<link rel=\"canonical\" href=\"https:\/\/florette.be\/nl\/\" \/>\n<meta property=\"og:locale\" content=\"nl_NL\" \/>\n<meta property=\"og:type\" content=\"article\" \/>\n<meta property=\"og:title\" content=\"Homepage &#8226; Florette\" \/>\n<meta property=\"og:description\" content=\"D\u00e9couvrez notre gamme de produits frais, nos recettes cr\u00e9atives ainsi que nos astuces et conseils en cuisine pour des moments conviviaux.\" \/>\n<meta property=\"og:url\" content=\"https:\/\/florette.be\/nl\/\" \/>\n<meta property=\"og:site_name\" content=\"Florette\" \/>\n<meta property=\"article:publisher\" content=\"https:\/\/www.facebook.com\/Florettebelgium\/\" \/>\n<meta property=\"article:modified_time\" content=\"2023-06-19T12:43:51+00:00\" \/>\n<meta property=\"og:image\" content=\"http:\/\/florette.be\/wp-content\/uploads\/2023\/06\/Banner_FLO-2-1000x577.png\" \/>\n\t<meta property=\"og:image:width\" content=\"1000\" \/>\n\t<meta property=\"og:image:height\" content=\"577\" \/>\n\t<meta property=\"og:image:type\" content=\"image\/png\" \/>\n<meta name=\"twitter:card\" content=\"summary_large_image\" \/>\n<script type=\"application\/ld+json\" class=\"yoast-schema-graph\">{\"@context\":\"https:\\\/\\\/schema.org\",\"@graph\":[{\"@type\":\"WebPage\",\"@id\":\"https:\\\/\\\/florette.be\\\/nl\\\/\",\"url\":\"https:\\\/\\\/florette.be\\\/nl\\\/\",\"name\":\"Homepage &#8226; Florette\",\"isPartOf\":{\"@id\":\"https:\\\/\\\/florette.be\\\/#website\"},\"primaryImageOfPage\":{\"@id\":\"https:\\\/\\\/florette.be\\\/nl\\\/#primaryimage\"},\"image\":{\"@id\":\"https:\\\/\\\/florette.be\\\/nl\\\/#primaryimage\"},\"thumbnailUrl\":\"https:\\\/\\\/florette.be\\\/wp-content\\\/uploads\\\/2023\\\/06\\\/Banner_FLO-2.png\",\"datePublished\":\"2021-07-13T08:42:41+00:00\",\"dateModified\":\"2023-06-19T12:43:51+00:00\",\"description\":\"D\u00e9couvrez notre gamme de produits frais, nos recettes cr\u00e9atives ainsi que nos astuces et conseils en cuisine pour des moments conviviaux.\",\"breadcrumb\":{\"@id\":\"https:\\\/\\\/florette.be\\\/nl\\\/#breadcrumb\"},\"inLanguage\":\"nl-NL\",\"potentialAction\":[{\"@type\":\"ReadAction\",\"target\":[\"https:\\\/\\\/florette.be\\\/nl\\\/\"]}]},{\"@type\":\"ImageObject\",\"inLanguage\":\"nl-NL\",\"@id\":\"https:\\\/\\\/florette.be\\\/nl\\\/#primaryimage\",\"url\":\"https:\\\/\\\/florette.be\\\/wp-content\\\/uploads\\\/2023\\\/06\\\/Banner_FLO-2.png\",\"contentUrl\":\"https:\\\/\\\/florette.be\\\/wp-content\\\/uploads\\\/2023\\\/06\\\/Banner_FLO-2.png\",\"width\":1680,\"height\":970},{\"@type\":\"BreadcrumbList\",\"@id\":\"https:\\\/\\\/florette.be\\\/nl\\\/#breadcrumb\",\"itemListElement\":[{\"@type\":\"ListItem\",\"position\":1,\"name\":\"Home\",\"item\":\"https:\\\/\\\/florette.be\\\/nl\\\/\"},{\"@type\":\"ListItem\",\"position\":2,\"name\":\"Homepage\"}]},{\"@type\":\"WebSite\",\"@id\":\"https:\\\/\\\/florette.be\\\/#website\",\"url\":\"https:\\\/\\\/florette.be\\\/\",\"name\":\"Florette\",\"description\":\"Des salades, des l\u00e9gumes \u00e0 cuire ou \u00e0 croquer, des fruits, des jus, des herbes... D\u00e9couvrez nos produits, actualit\u00e9s, promotions et recettes Florette.\",\"publisher\":{\"@id\":\"https:\\\/\\\/florette.be\\\/#organization\"},\"potentialAction\":[{\"@type\":\"SearchAction\",\"target\":{\"@type\":\"EntryPoint\",\"urlTemplate\":\"https:\\\/\\\/florette.be\\\/?s={search_term_string}\"},\"query-input\":{\"@type\":\"PropertyValueSpecification\",\"valueRequired\":true,\"valueName\":\"search_term_string\"}}],\"inLanguage\":\"nl-NL\"},{\"@type\":\"Organization\",\"@id\":\"https:\\\/\\\/florette.be\\\/#organization\",\"name\":\"Florette\",\"url\":\"https:\\\/\\\/florette.be\\\/\",\"logo\":{\"@type\":\"ImageObject\",\"inLanguage\":\"nl-NL\",\"@id\":\"https:\\\/\\\/florette.be\\\/#\\\/schema\\\/logo\\\/image\\\/\",\"url\":\"https:\\\/\\\/florette.be\\\/wp-content\\\/uploads\\\/2021\\\/10\\\/logo.png\",\"contentUrl\":\"https:\\\/\\\/florette.be\\\/wp-content\\\/uploads\\\/2021\\\/10\\\/logo.png\",\"width\":244,\"height\":140,\"caption\":\"Florette\"},\"image\":{\"@id\":\"https:\\\/\\\/florette.be\\\/#\\\/schema\\\/logo\\\/image\\\/\"},\"sameAs\":[\"https:\\\/\\\/www.facebook.com\\\/Florettebelgium\\\/\",\"https:\\\/\\\/www.instagram.com\\\/florette_be\\\/\"]}]}<\/script>\n<!-- \/ Yoast SEO plugin. -->","yoast_head_json":{"title":"Homepage &#8226; Florette","description":"D\u00e9couvrez notre gamme de produits frais, nos recettes cr\u00e9atives ainsi que nos astuces et conseils en cuisine pour des moments conviviaux.","robots":{"index":"index","follow":"follow","max-snippet":"max-snippet:-1","max-image-preview":"max-image-preview:large","max-video-preview":"max-video-preview:-1"},"canonical":"https:\/\/florette.be\/nl\/","og_locale":"nl_NL","og_type":"article","og_title":"Homepage &#8226; Florette","og_description":"D\u00e9couvrez notre gamme de produits frais, nos recettes cr\u00e9atives ainsi que nos astuces et conseils en cuisine pour des moments conviviaux.","og_url":"https:\/\/florette.be\/nl\/","og_site_name":"Florette","article_publisher":"https:\/\/www.facebook.com\/Florettebelgium\/","article_modified_time":"2023-06-19T12:43:51+00:00","og_image":[{"width":1000,"height":577,"url":"http:\/\/florette.be\/wp-content\/uploads\/2023\/06\/Banner_FLO-2-1000x577.png","type":"image\/png"}],"twitter_card":"summary_large_image","schema":{"@context":"https:\/\/schema.org","@graph":[{"@type":"WebPage","@id":"https:\/\/florette.be\/nl\/","url":"https:\/\/florette.be\/nl\/","name":"Homepage &#8226; Florette","isPartOf":{"@id":"https:\/\/florette.be\/#website"},"primaryImageOfPage":{"@id":"https:\/\/florette.be\/nl\/#primaryimage"},"image":{"@id":"https:\/\/florette.be\/nl\/#primaryimage"},"thumbnailUrl":"https:\/\/florette.be\/wp-content\/uploads\/2023\/06\/Banner_FLO-2.png","datePublished":"2021-07-13T08:42:41+00:00","dateModified":"2023-06-19T12:43:51+00:00","description":"D\u00e9couvrez notre gamme de produits frais, nos recettes cr\u00e9atives ainsi que nos astuces et conseils en cuisine pour des moments conviviaux.","breadcrumb":{"@id":"https:\/\/florette.be\/nl\/#breadcrumb"},"inLanguage":"nl-NL","potentialAction":[{"@type":"ReadAction","target":["https:\/\/florette.be\/nl\/"]}]},{"@type":"ImageObject","inLanguage":"nl-NL","@id":"https:\/\/florette.be\/nl\/#primaryimage","url":"https:\/\/florette.be\/wp-content\/uploads\/2023\/06\/Banner_FLO-2.png","contentUrl":"https:\/\/florette.be\/wp-content\/uploads\/2023\/06\/Banner_FLO-2.png","width":1680,"height":970},{"@type":"BreadcrumbList","@id":"https:\/\/florette.be\/nl\/#breadcrumb","itemListElement":[{"@type":"ListItem","position":1,"name":"Home","item":"https:\/\/florette.be\/nl\/"},{"@type":"ListItem","position":2,"name":"Homepage"}]},{"@type":"WebSite","@id":"https:\/\/florette.be\/#website","url":"https:\/\/florette.be\/","name":"Florette","description":"Des salades, des l\u00e9gumes \u00e0 cuire ou \u00e0 croquer, des fruits, des jus, des herbes... D\u00e9couvrez nos produits, actualit\u00e9s, promotions et recettes Florette.","publisher":{"@id":"https:\/\/florette.be\/#organization"},"potentialAction":[{"@type":"SearchAction","target":{"@type":"EntryPoint","urlTemplate":"https:\/\/florette.be\/?s={search_term_string}"},"query-input":{"@type":"PropertyValueSpecification","valueRequired":true,"valueName":"search_term_string"}}],"inLanguage":"nl-NL"},{"@type":"Organization","@id":"https:\/\/florette.be\/#organization","name":"Florette","url":"https:\/\/florette.be\/","logo":{"@type":"ImageObject","inLanguage":"nl-NL","@id":"https:\/\/florette.be\/#\/schema\/logo\/image\/","url":"https:\/\/florette.be\/wp-content\/uploads\/2021\/10\/logo.png","contentUrl":"https:\/\/florette.be\/wp-content\/uploads\/2021\/10\/logo.png","width":244,"height":140,"caption":"Florette"},"image":{"@id":"https:\/\/florette.be\/#\/schema\/logo\/image\/"},"sameAs":["https:\/\/www.facebook.com\/Florettebelgium\/","https:\/\/www.instagram.com\/florette_be\/"]}]}},"_links":{"self":[{"href":"https:\/\/florette.be\/nl\/wp-json\/wp\/v2\/pages\/49","targetHints":{"allow":["GET"]}}],"collection":[{"href":"https:\/\/florette.be\/nl\/wp-json\/wp\/v2\/pages"}],"about":[{"href":"https:\/\/florette.be\/nl\/wp-json\/wp\/v2\/types\/page"}],"author":[{"embeddable":true,"href":"https:\/\/florette.be\/nl\/wp-json\/wp\/v2\/users\/1"}],"replies":[{"embeddable":true,"href":"https:\/\/florette.be\/nl\/wp-json\/wp\/v2\/comments?post=49"}],"version-history":[{"count":1,"href":"https:\/\/florette.be\/nl\/wp-json\/wp\/v2\/pages\/49\/revisions"}],"predecessor-version":[{"id":52,"href":"https:\/\/florette.be\/nl\/wp-json\/wp\/v2\/pages\/49\/revisions\/52"}],"wp:featuredmedia":[{"embeddable":true,"href":"https:\/\/florette.be\/nl\/wp-json\/wp\/v2\/media\/6882"}],"wp:attachment":[{"href":"https:\/\/florette.be\/nl\/wp-json\/wp\/v2\/media?parent=49"}],"curies":[{"name":"wp","href":"https:\/\/api.w.org\/{rel}","templated":true}]}}