{"id":51,"date":"2021-07-13T10:31:00","date_gmt":"2021-07-13T08:31:00","guid":{"rendered":"https:\/\/florette.atypic-digital.be\/qui-sommes-nous\/"},"modified":"2024-02-07T10:14:49","modified_gmt":"2024-02-07T09:14:49","slug":"wie-zijn-we","status":"publish","type":"page","link":"https:\/\/florette.be\/nl\/wie-zijn-we\/","title":{"rendered":"Wie zijn we"},"content":{"rendered":"<div class=\"wpb-content-wrapper\"><p>[vc_row][vc_column width=&#8221;1\/3&#8243;]<a href=\"https:\/\/florette.be\/nl\/wie-zijn-we\/onze-waarden\/\" class=\"news-item\"><div class=\"bg-cover thumbnail\"><img decoding=\"async\" class=\"product-thumb img-full\" src=\"https:\/\/florette.be\/wp-content\/uploads\/2021\/08\/img-about-legumes.jpg\"><\/div><div class=\"details sm-px2 lg-px3 pt2\"><h4 class=\"title -news m0 mb2\">Onze waarden<\/h4><p class=\"text -default m0 wrap-responsive mb1\"><\/p><\/div><\/a>[\/vc_column][vc_column width=&#8221;1\/3&#8243;]<a href=\"https:\/\/florette.be\/nl\/wie-zijn-we\/onze-geschiedenis\/\" class=\"news-item\"><div class=\"bg-cover thumbnail\"><img decoding=\"async\" class=\"product-thumb img-full\" src=\"https:\/\/florette.be\/wp-content\/uploads\/2021\/08\/img-about-note.jpg\"><\/div><div class=\"details sm-px2 lg-px3 pt2\"><h4 class=\"title -news m0 mb2\">Onze geschiedenis<\/h4><p class=\"text -default m0 wrap-responsive mb1\"><\/p><\/div><\/a>[\/vc_column][vc_column width=&#8221;1\/3&#8243;]<a href=\"https:\/\/florette.be\/nl\/wie-zijn-we\/wat-we-doen\/\" class=\"news-item\"><div class=\"bg-cover thumbnail\"><img decoding=\"async\" class=\"product-thumb img-full\" src=\"https:\/\/florette.be\/wp-content\/uploads\/2021\/08\/about-salade.jpg\"><\/div><div class=\"details sm-px2 lg-px3 pt2\"><h4 class=\"title -news m0 mb2\">Wat doen we ?<\/h4><p class=\"text -default m0 wrap-responsive mb1\"><\/p><\/div><\/a>[\/vc_column][\/vc_row]<\/p>\n<\/div>","protected":false},"excerpt":{"rendered":"[vc_row][vc_column width=&#8221;1\/3&#8243;][\/vc_column][vc_column width=&#8221;1\/3&#8243;][\/vc_column][vc_column width=&#8221;1\/3&#8243;][\/vc_column][\/vc_row]","protected":false},"author":1,"featured_media":0,"parent":0,"menu_order":0,"comment_status":"closed","ping_status":"closed","template":"about.php","meta":{"footnotes":""},"class_list":["post-51","page","type-page","status-publish","hentry"],"yoast_head":"<!-- This site is optimized with the Yoast SEO plugin v27.2 - https:\/\/yoast.com\/product\/yoast-seo-wordpress\/ -->\n<title>Wie zijn we &#8226; Florette<\/title>\n<meta name=\"robots\" content=\"index, follow, max-snippet:-1, max-image-preview:large, max-video-preview:-1\" \/>\n<link rel=\"canonical\" href=\"https:\/\/florette.be\/nl\/wie-zijn-we\/\" \/>\n<meta property=\"og:locale\" content=\"nl_NL\" \/>\n<meta property=\"og:type\" content=\"article\" \/>\n<meta property=\"og:title\" content=\"Wie zijn we &#8226; Florette\" \/>\n<meta property=\"og:description\" content=\"[vc_row][vc_column width=&#8221;1\/3&#8243;][\/vc_column][vc_column width=&#8221;1\/3&#8243;][\/vc_column][vc_column width=&#8221;1\/3&#8243;][\/vc_column][\/vc_row]\" \/>\n<meta property=\"og:url\" content=\"https:\/\/florette.be\/nl\/wie-zijn-we\/\" \/>\n<meta property=\"og:site_name\" content=\"Florette\" \/>\n<meta property=\"article:publisher\" content=\"https:\/\/www.facebook.com\/Florettebelgium\/\" \/>\n<meta property=\"article:modified_time\" content=\"2024-02-07T09:14:49+00:00\" \/>\n<meta property=\"og:image\" content=\"https:\/\/florette.be\/wp-content\/uploads\/2021\/10\/logo.png\" \/>\n\t<meta property=\"og:image:width\" content=\"244\" \/>\n\t<meta property=\"og:image:height\" content=\"140\" \/>\n\t<meta property=\"og:image:type\" content=\"image\/png\" \/>\n<meta name=\"twitter:card\" content=\"summary_large_image\" \/>\n<meta name=\"twitter:label1\" content=\"Est. reading time\" \/>\n\t<meta name=\"twitter:data1\" content=\"1 minute\" \/>\n<script type=\"application\/ld+json\" class=\"yoast-schema-graph\">{\"@context\":\"https:\/\/schema.org\",\"@graph\":[{\"@type\":\"WebPage\",\"@id\":\"https:\/\/florette.be\/nl\/wie-zijn-we\/\",\"url\":\"https:\/\/florette.be\/nl\/wie-zijn-we\/\",\"name\":\"Wie zijn we &#8226; Florette\",\"isPartOf\":{\"@id\":\"https:\/\/florette.be\/#website\"},\"datePublished\":\"2021-07-13T08:31:00+00:00\",\"dateModified\":\"2024-02-07T09:14:49+00:00\",\"breadcrumb\":{\"@id\":\"https:\/\/florette.be\/nl\/wie-zijn-we\/#breadcrumb\"},\"inLanguage\":\"nl-NL\",\"potentialAction\":[{\"@type\":\"ReadAction\",\"target\":[\"https:\/\/florette.be\/nl\/wie-zijn-we\/\"]}]},{\"@type\":\"BreadcrumbList\",\"@id\":\"https:\/\/florette.be\/nl\/wie-zijn-we\/#breadcrumb\",\"itemListElement\":[{\"@type\":\"ListItem\",\"position\":1,\"name\":\"Home\",\"item\":\"https:\/\/florette.be\/nl\/\"},{\"@type\":\"ListItem\",\"position\":2,\"name\":\"Wie zijn we\"}]},{\"@type\":\"WebSite\",\"@id\":\"https:\/\/florette.be\/#website\",\"url\":\"https:\/\/florette.be\/\",\"name\":\"Florette\",\"description\":\"Des salades, des l\u00e9gumes \u00e0 cuire ou \u00e0 croquer, des fruits, des jus, des herbes... D\u00e9couvrez nos produits, actualit\u00e9s, promotions et recettes Florette.\",\"publisher\":{\"@id\":\"https:\/\/florette.be\/#organization\"},\"potentialAction\":[{\"@type\":\"SearchAction\",\"target\":{\"@type\":\"EntryPoint\",\"urlTemplate\":\"https:\/\/florette.be\/?s={search_term_string}\"},\"query-input\":{\"@type\":\"PropertyValueSpecification\",\"valueRequired\":true,\"valueName\":\"search_term_string\"}}],\"inLanguage\":\"nl-NL\"},{\"@type\":\"Organization\",\"@id\":\"https:\/\/florette.be\/#organization\",\"name\":\"Florette\",\"url\":\"https:\/\/florette.be\/\",\"logo\":{\"@type\":\"ImageObject\",\"inLanguage\":\"nl-NL\",\"@id\":\"https:\/\/florette.be\/#\/schema\/logo\/image\/\",\"url\":\"https:\/\/florette.be\/wp-content\/uploads\/2021\/10\/logo.png\",\"contentUrl\":\"https:\/\/florette.be\/wp-content\/uploads\/2021\/10\/logo.png\",\"width\":244,\"height\":140,\"caption\":\"Florette\"},\"image\":{\"@id\":\"https:\/\/florette.be\/#\/schema\/logo\/image\/\"},\"sameAs\":[\"https:\/\/www.facebook.com\/Florettebelgium\/\",\"https:\/\/www.instagram.com\/florette_be\/\"]}]}<\/script>\n<!-- \/ Yoast SEO plugin. -->","yoast_head_json":{"title":"Wie zijn we &#8226; Florette","robots":{"index":"index","follow":"follow","max-snippet":"max-snippet:-1","max-image-preview":"max-image-preview:large","max-video-preview":"max-video-preview:-1"},"canonical":"https:\/\/florette.be\/nl\/wie-zijn-we\/","og_locale":"nl_NL","og_type":"article","og_title":"Wie zijn we &#8226; Florette","og_description":"[vc_row][vc_column width=&#8221;1\/3&#8243;][\/vc_column][vc_column width=&#8221;1\/3&#8243;][\/vc_column][vc_column width=&#8221;1\/3&#8243;][\/vc_column][\/vc_row]","og_url":"https:\/\/florette.be\/nl\/wie-zijn-we\/","og_site_name":"Florette","article_publisher":"https:\/\/www.facebook.com\/Florettebelgium\/","article_modified_time":"2024-02-07T09:14:49+00:00","og_image":[{"width":244,"height":140,"url":"https:\/\/florette.be\/wp-content\/uploads\/2021\/10\/logo.png","type":"image\/png"}],"twitter_card":"summary_large_image","twitter_misc":{"Est. reading time":"1 minute"},"schema":{"@context":"https:\/\/schema.org","@graph":[{"@type":"WebPage","@id":"https:\/\/florette.be\/nl\/wie-zijn-we\/","url":"https:\/\/florette.be\/nl\/wie-zijn-we\/","name":"Wie zijn we &#8226; Florette","isPartOf":{"@id":"https:\/\/florette.be\/#website"},"datePublished":"2021-07-13T08:31:00+00:00","dateModified":"2024-02-07T09:14:49+00:00","breadcrumb":{"@id":"https:\/\/florette.be\/nl\/wie-zijn-we\/#breadcrumb"},"inLanguage":"nl-NL","potentialAction":[{"@type":"ReadAction","target":["https:\/\/florette.be\/nl\/wie-zijn-we\/"]}]},{"@type":"BreadcrumbList","@id":"https:\/\/florette.be\/nl\/wie-zijn-we\/#breadcrumb","itemListElement":[{"@type":"ListItem","position":1,"name":"Home","item":"https:\/\/florette.be\/nl\/"},{"@type":"ListItem","position":2,"name":"Wie zijn we"}]},{"@type":"WebSite","@id":"https:\/\/florette.be\/#website","url":"https:\/\/florette.be\/","name":"Florette","description":"Des salades, des l\u00e9gumes \u00e0 cuire ou \u00e0 croquer, des fruits, des jus, des herbes... D\u00e9couvrez nos produits, actualit\u00e9s, promotions et recettes Florette.","publisher":{"@id":"https:\/\/florette.be\/#organization"},"potentialAction":[{"@type":"SearchAction","target":{"@type":"EntryPoint","urlTemplate":"https:\/\/florette.be\/?s={search_term_string}"},"query-input":{"@type":"PropertyValueSpecification","valueRequired":true,"valueName":"search_term_string"}}],"inLanguage":"nl-NL"},{"@type":"Organization","@id":"https:\/\/florette.be\/#organization","name":"Florette","url":"https:\/\/florette.be\/","logo":{"@type":"ImageObject","inLanguage":"nl-NL","@id":"https:\/\/florette.be\/#\/schema\/logo\/image\/","url":"https:\/\/florette.be\/wp-content\/uploads\/2021\/10\/logo.png","contentUrl":"https:\/\/florette.be\/wp-content\/uploads\/2021\/10\/logo.png","width":244,"height":140,"caption":"Florette"},"image":{"@id":"https:\/\/florette.be\/#\/schema\/logo\/image\/"},"sameAs":["https:\/\/www.facebook.com\/Florettebelgium\/","https:\/\/www.instagram.com\/florette_be\/"]}]}},"_links":{"self":[{"href":"https:\/\/florette.be\/nl\/wp-json\/wp\/v2\/pages\/51","targetHints":{"allow":["GET"]}}],"collection":[{"href":"https:\/\/florette.be\/nl\/wp-json\/wp\/v2\/pages"}],"about":[{"href":"https:\/\/florette.be\/nl\/wp-json\/wp\/v2\/types\/page"}],"author":[{"embeddable":true,"href":"https:\/\/florette.be\/nl\/wp-json\/wp\/v2\/users\/1"}],"replies":[{"embeddable":true,"href":"https:\/\/florette.be\/nl\/wp-json\/wp\/v2\/comments?post=51"}],"version-history":[{"count":10,"href":"https:\/\/florette.be\/nl\/wp-json\/wp\/v2\/pages\/51\/revisions"}],"predecessor-version":[{"id":11686,"href":"https:\/\/florette.be\/nl\/wp-json\/wp\/v2\/pages\/51\/revisions\/11686"}],"wp:attachment":[{"href":"https:\/\/florette.be\/nl\/wp-json\/wp\/v2\/media?parent=51"}],"curies":[{"name":"wp","href":"https:\/\/api.w.org\/{rel}","templated":true}]}}