{"id":584,"date":"2021-09-13T09:43:26","date_gmt":"2021-09-13T07:43:26","guid":{"rendered":"https:\/\/florette.atypic-digital.be\/?page_id=584"},"modified":"2025-01-16T21:23:44","modified_gmt":"2025-01-16T20:23:44","slug":"cookiebeleid","status":"publish","type":"page","link":"https:\/\/florette.be\/nl\/cookiebeleid\/","title":{"rendered":"COOKIEBELEID"},"content":{"rendered":"<div class=\"wpb-content-wrapper\">\r\n<p>[vc_row][vc_column][vc_column_text]<\/p>\r\n<p>Sommige functies van deze site steunen op het gebruik van cookies.<\/p>\r\n\r\n\r\n\r\n<p>Raadpleeg de pagina op <a href=\"https:\/\/www.cnil.fr\/fr\/cookies-et-autres-traceurs\/definitions\">de website van CNIL<\/a> om te begrijpen wat een cookie is.<\/p>\r\n\r\n\r\n\r\n<p>Je kan je cookievoorkeuren instellen door <a href=\"http:\/\/&lt;script type=&quot;text\/javascript&quot;&gt;(function(){(function(e,r){var t=document.createElement(&quot;link&quot;);t.rel=&quot;preconnect&quot;;t.as=&quot;script&quot;;var n=document.createElement(&quot;link&quot;);n.rel=&quot;dns-prefetch&quot;;n.as=&quot;script&quot;;var i=document.createElement(&quot;script&quot;);i.id=&quot;spcloader&quot;;i.type=&quot;text\/javascript&quot;;i[&quot;async&quot;]=true;i.charset=&quot;utf-8&quot;;var o=https:\/\/sdk.privacy-center.org\/+e+&quot;\/loader.js?target_type=notice&amp;target=&quot;+r;if(window.didomiConfig&amp;&amp;window.didomiConfig.user){var a=window.didomiConfig.user;var c=a.country;var d=a.region;if(c){o=o+&quot;&amp;country=&quot;+c;if(d){o=o+&quot;&amp;region=&quot;+d}}}t.href=https:\/\/sdk.privacy-center.org\/;n.href=https:\/\/sdk.privacy-center.org\/;i.src=o;var s=document.getElementsByTagName(&quot;script&quot;)[0];s.parentNode.insertBefore(t,s);s.parentNode.insertBefore(n,s);s.parentNode.insertBefore(i,s)})(&quot;35d6b853-3466-45b2-afeb-1797c7516736&quot;,&quot;Q9VxiD2q&quot;)})();&lt;\/script&gt;\">hier te klikken<\/a>.<\/p>\r\n\r\n\r\n\r\n<p>Je cookie-keuzes worden gedurende 5 jaar bewaard door onze dienstverlener Didomi.<\/p>\r\n\r\n\r\n\r\n<p>[\/vc_column_text][\/vc_column][\/vc_row]<\/p>\r\n<\/div>","protected":false},"excerpt":{"rendered":"[vc_row][vc_column][vc_column_text] Sommige functies van deze site steunen op het gebruik van cookies. Raadpleeg de pagina op de website van CNIL [&hellip;]","protected":false},"author":1,"featured_media":0,"parent":0,"menu_order":0,"comment_status":"closed","ping_status":"closed","template":"","meta":{"footnotes":""},"class_list":["post-584","page","type-page","status-publish","hentry"],"yoast_head":"<!-- This site is optimized with the Yoast SEO plugin v27.5 - https:\/\/yoast.com\/product\/yoast-seo-wordpress\/ -->\n<title>COOKIEBELEID &#8226; Florette<\/title>\n<meta name=\"description\" content=\"Florette Holding wenst \u201ccookies\u201d bij te houden op uw computer. Een \u201ccookie\u201d is een klein tekstbestand dat wordt geregistreerd en opgeslagen op de harddisk van uw computer, behoudens wanneer u dit verwijderd of als de toepassing ervan verloopt. Het betreft hier geen programma en de cookies kunnen geen enkele schade veroorzaken aan gegevens die zich op uw computer bevinden. Een \u201ccookie\u201d maakt het voor ons niet mogelijk om u te identificeren. In het algemeen, hebben de \u201ccookies\u201d die via de website \u201cflorette.be\u201d worden opgeslagen een van de volgende functies:\" \/>\n<meta name=\"robots\" content=\"index, follow, max-snippet:-1, max-image-preview:large, max-video-preview:-1\" \/>\n<link rel=\"canonical\" href=\"https:\/\/florette.be\/nl\/cookiebeleid\/\" \/>\n<meta property=\"og:locale\" content=\"nl_NL\" \/>\n<meta property=\"og:type\" content=\"article\" \/>\n<meta property=\"og:title\" content=\"COOKIEBELEID &#8226; Florette\" \/>\n<meta property=\"og:description\" content=\"Florette Holding wenst \u201ccookies\u201d bij te houden op uw computer. Een \u201ccookie\u201d is een klein tekstbestand dat wordt geregistreerd en opgeslagen op de harddisk van uw computer, behoudens wanneer u dit verwijderd of als de toepassing ervan verloopt. Het betreft hier geen programma en de cookies kunnen geen enkele schade veroorzaken aan gegevens die zich op uw computer bevinden. Een \u201ccookie\u201d maakt het voor ons niet mogelijk om u te identificeren. In het algemeen, hebben de \u201ccookies\u201d die via de website \u201cflorette.be\u201d worden opgeslagen een van de volgende functies:\" \/>\n<meta property=\"og:url\" content=\"https:\/\/florette.be\/nl\/cookiebeleid\/\" \/>\n<meta property=\"og:site_name\" content=\"Florette\" \/>\n<meta property=\"article:publisher\" content=\"https:\/\/www.facebook.com\/Florettebelgium\/\" \/>\n<meta property=\"article:modified_time\" content=\"2025-01-16T20:23:44+00:00\" \/>\n<meta property=\"og:image\" content=\"https:\/\/florette.be\/wp-content\/uploads\/2021\/10\/logo.png\" \/>\n\t<meta property=\"og:image:width\" content=\"244\" \/>\n\t<meta property=\"og:image:height\" content=\"140\" \/>\n\t<meta property=\"og:image:type\" content=\"image\/png\" \/>\n<meta name=\"twitter:card\" content=\"summary_large_image\" \/>\n<meta name=\"twitter:label1\" content=\"Est. reading time\" \/>\n\t<meta name=\"twitter:data1\" content=\"1 minute\" \/>\n<script type=\"application\/ld+json\" class=\"yoast-schema-graph\">{\"@context\":\"https:\\\/\\\/schema.org\",\"@graph\":[{\"@type\":\"WebPage\",\"@id\":\"https:\\\/\\\/florette.be\\\/nl\\\/cookiebeleid\\\/\",\"url\":\"https:\\\/\\\/florette.be\\\/nl\\\/cookiebeleid\\\/\",\"name\":\"COOKIEBELEID &#8226; Florette\",\"isPartOf\":{\"@id\":\"https:\\\/\\\/florette.be\\\/#website\"},\"datePublished\":\"2021-09-13T07:43:26+00:00\",\"dateModified\":\"2025-01-16T20:23:44+00:00\",\"description\":\"Florette Holding wenst \u201ccookies\u201d bij te houden op uw computer. Een \u201ccookie\u201d is een klein tekstbestand dat wordt geregistreerd en opgeslagen op de harddisk van uw computer, behoudens wanneer u dit verwijderd of als de toepassing ervan verloopt. Het betreft hier geen programma en de cookies kunnen geen enkele schade veroorzaken aan gegevens die zich op uw computer bevinden. Een \u201ccookie\u201d maakt het voor ons niet mogelijk om u te identificeren. In het algemeen, hebben de \u201ccookies\u201d die via de website \u201cflorette.be\u201d worden opgeslagen een van de volgende functies:\",\"breadcrumb\":{\"@id\":\"https:\\\/\\\/florette.be\\\/nl\\\/cookiebeleid\\\/#breadcrumb\"},\"inLanguage\":\"nl-NL\",\"potentialAction\":[{\"@type\":\"ReadAction\",\"target\":[\"https:\\\/\\\/florette.be\\\/nl\\\/cookiebeleid\\\/\"]}]},{\"@type\":\"BreadcrumbList\",\"@id\":\"https:\\\/\\\/florette.be\\\/nl\\\/cookiebeleid\\\/#breadcrumb\",\"itemListElement\":[{\"@type\":\"ListItem\",\"position\":1,\"name\":\"Home\",\"item\":\"https:\\\/\\\/florette.be\\\/nl\\\/\"},{\"@type\":\"ListItem\",\"position\":2,\"name\":\"COOKIEBELEID\"}]},{\"@type\":\"WebSite\",\"@id\":\"https:\\\/\\\/florette.be\\\/#website\",\"url\":\"https:\\\/\\\/florette.be\\\/\",\"name\":\"Florette\",\"description\":\"Des salades, des l\u00e9gumes \u00e0 cuire ou \u00e0 croquer, des fruits, des jus, des herbes... D\u00e9couvrez nos produits, actualit\u00e9s, promotions et recettes Florette.\",\"publisher\":{\"@id\":\"https:\\\/\\\/florette.be\\\/#organization\"},\"potentialAction\":[{\"@type\":\"SearchAction\",\"target\":{\"@type\":\"EntryPoint\",\"urlTemplate\":\"https:\\\/\\\/florette.be\\\/?s={search_term_string}\"},\"query-input\":{\"@type\":\"PropertyValueSpecification\",\"valueRequired\":true,\"valueName\":\"search_term_string\"}}],\"inLanguage\":\"nl-NL\"},{\"@type\":\"Organization\",\"@id\":\"https:\\\/\\\/florette.be\\\/#organization\",\"name\":\"Florette\",\"url\":\"https:\\\/\\\/florette.be\\\/\",\"logo\":{\"@type\":\"ImageObject\",\"inLanguage\":\"nl-NL\",\"@id\":\"https:\\\/\\\/florette.be\\\/#\\\/schema\\\/logo\\\/image\\\/\",\"url\":\"https:\\\/\\\/florette.be\\\/wp-content\\\/uploads\\\/2021\\\/10\\\/logo.png\",\"contentUrl\":\"https:\\\/\\\/florette.be\\\/wp-content\\\/uploads\\\/2021\\\/10\\\/logo.png\",\"width\":244,\"height\":140,\"caption\":\"Florette\"},\"image\":{\"@id\":\"https:\\\/\\\/florette.be\\\/#\\\/schema\\\/logo\\\/image\\\/\"},\"sameAs\":[\"https:\\\/\\\/www.facebook.com\\\/Florettebelgium\\\/\",\"https:\\\/\\\/www.instagram.com\\\/florette_be\\\/\"]}]}<\/script>\n<!-- \/ Yoast SEO plugin. -->","yoast_head_json":{"title":"COOKIEBELEID &#8226; Florette","description":"Florette Holding wenst \u201ccookies\u201d bij te houden op uw computer. Een \u201ccookie\u201d is een klein tekstbestand dat wordt geregistreerd en opgeslagen op de harddisk van uw computer, behoudens wanneer u dit verwijderd of als de toepassing ervan verloopt. Het betreft hier geen programma en de cookies kunnen geen enkele schade veroorzaken aan gegevens die zich op uw computer bevinden. Een \u201ccookie\u201d maakt het voor ons niet mogelijk om u te identificeren. In het algemeen, hebben de \u201ccookies\u201d die via de website \u201cflorette.be\u201d worden opgeslagen een van de volgende functies:","robots":{"index":"index","follow":"follow","max-snippet":"max-snippet:-1","max-image-preview":"max-image-preview:large","max-video-preview":"max-video-preview:-1"},"canonical":"https:\/\/florette.be\/nl\/cookiebeleid\/","og_locale":"nl_NL","og_type":"article","og_title":"COOKIEBELEID &#8226; Florette","og_description":"Florette Holding wenst \u201ccookies\u201d bij te houden op uw computer. Een \u201ccookie\u201d is een klein tekstbestand dat wordt geregistreerd en opgeslagen op de harddisk van uw computer, behoudens wanneer u dit verwijderd of als de toepassing ervan verloopt. Het betreft hier geen programma en de cookies kunnen geen enkele schade veroorzaken aan gegevens die zich op uw computer bevinden. Een \u201ccookie\u201d maakt het voor ons niet mogelijk om u te identificeren. In het algemeen, hebben de \u201ccookies\u201d die via de website \u201cflorette.be\u201d worden opgeslagen een van de volgende functies:","og_url":"https:\/\/florette.be\/nl\/cookiebeleid\/","og_site_name":"Florette","article_publisher":"https:\/\/www.facebook.com\/Florettebelgium\/","article_modified_time":"2025-01-16T20:23:44+00:00","og_image":[{"width":244,"height":140,"url":"https:\/\/florette.be\/wp-content\/uploads\/2021\/10\/logo.png","type":"image\/png"}],"twitter_card":"summary_large_image","twitter_misc":{"Est. reading time":"1 minute"},"schema":{"@context":"https:\/\/schema.org","@graph":[{"@type":"WebPage","@id":"https:\/\/florette.be\/nl\/cookiebeleid\/","url":"https:\/\/florette.be\/nl\/cookiebeleid\/","name":"COOKIEBELEID &#8226; Florette","isPartOf":{"@id":"https:\/\/florette.be\/#website"},"datePublished":"2021-09-13T07:43:26+00:00","dateModified":"2025-01-16T20:23:44+00:00","description":"Florette Holding wenst \u201ccookies\u201d bij te houden op uw computer. Een \u201ccookie\u201d is een klein tekstbestand dat wordt geregistreerd en opgeslagen op de harddisk van uw computer, behoudens wanneer u dit verwijderd of als de toepassing ervan verloopt. Het betreft hier geen programma en de cookies kunnen geen enkele schade veroorzaken aan gegevens die zich op uw computer bevinden. Een \u201ccookie\u201d maakt het voor ons niet mogelijk om u te identificeren. In het algemeen, hebben de \u201ccookies\u201d die via de website \u201cflorette.be\u201d worden opgeslagen een van de volgende functies:","breadcrumb":{"@id":"https:\/\/florette.be\/nl\/cookiebeleid\/#breadcrumb"},"inLanguage":"nl-NL","potentialAction":[{"@type":"ReadAction","target":["https:\/\/florette.be\/nl\/cookiebeleid\/"]}]},{"@type":"BreadcrumbList","@id":"https:\/\/florette.be\/nl\/cookiebeleid\/#breadcrumb","itemListElement":[{"@type":"ListItem","position":1,"name":"Home","item":"https:\/\/florette.be\/nl\/"},{"@type":"ListItem","position":2,"name":"COOKIEBELEID"}]},{"@type":"WebSite","@id":"https:\/\/florette.be\/#website","url":"https:\/\/florette.be\/","name":"Florette","description":"Des salades, des l\u00e9gumes \u00e0 cuire ou \u00e0 croquer, des fruits, des jus, des herbes... D\u00e9couvrez nos produits, actualit\u00e9s, promotions et recettes Florette.","publisher":{"@id":"https:\/\/florette.be\/#organization"},"potentialAction":[{"@type":"SearchAction","target":{"@type":"EntryPoint","urlTemplate":"https:\/\/florette.be\/?s={search_term_string}"},"query-input":{"@type":"PropertyValueSpecification","valueRequired":true,"valueName":"search_term_string"}}],"inLanguage":"nl-NL"},{"@type":"Organization","@id":"https:\/\/florette.be\/#organization","name":"Florette","url":"https:\/\/florette.be\/","logo":{"@type":"ImageObject","inLanguage":"nl-NL","@id":"https:\/\/florette.be\/#\/schema\/logo\/image\/","url":"https:\/\/florette.be\/wp-content\/uploads\/2021\/10\/logo.png","contentUrl":"https:\/\/florette.be\/wp-content\/uploads\/2021\/10\/logo.png","width":244,"height":140,"caption":"Florette"},"image":{"@id":"https:\/\/florette.be\/#\/schema\/logo\/image\/"},"sameAs":["https:\/\/www.facebook.com\/Florettebelgium\/","https:\/\/www.instagram.com\/florette_be\/"]}]}},"_links":{"self":[{"href":"https:\/\/florette.be\/nl\/wp-json\/wp\/v2\/pages\/584","targetHints":{"allow":["GET"]}}],"collection":[{"href":"https:\/\/florette.be\/nl\/wp-json\/wp\/v2\/pages"}],"about":[{"href":"https:\/\/florette.be\/nl\/wp-json\/wp\/v2\/types\/page"}],"author":[{"embeddable":true,"href":"https:\/\/florette.be\/nl\/wp-json\/wp\/v2\/users\/1"}],"replies":[{"embeddable":true,"href":"https:\/\/florette.be\/nl\/wp-json\/wp\/v2\/comments?post=584"}],"version-history":[{"count":16,"href":"https:\/\/florette.be\/nl\/wp-json\/wp\/v2\/pages\/584\/revisions"}],"predecessor-version":[{"id":17612,"href":"https:\/\/florette.be\/nl\/wp-json\/wp\/v2\/pages\/584\/revisions\/17612"}],"wp:attachment":[{"href":"https:\/\/florette.be\/nl\/wp-json\/wp\/v2\/media?parent=584"}],"curies":[{"name":"wp","href":"https:\/\/api.w.org\/{rel}","templated":true}]}}