{"id":587,"date":"2021-09-13T14:47:51","date_gmt":"2021-09-13T12:47:51","guid":{"rendered":"https:\/\/florette.atypic-digital.be\/?page_id=587"},"modified":"2021-10-29T18:21:53","modified_gmt":"2021-10-29T16:21:53","slug":"onze-waarden","status":"publish","type":"page","link":"https:\/\/florette.be\/nl\/wie-zijn-we\/onze-waarden\/","title":{"rendered":"Onze waarden"},"content":{"rendered":"<div class=\"wpb-content-wrapper\"><p>[vc_row css=&#8221;.vc_custom_1630389737789{padding-left: 100px !important;}&#8221;][vc_column][vc_column_text]<\/p>\n<h2><strong>Onze Kwaliteit<\/strong><\/h2>\n<h3>Betrouwbare en gezonde voeding aanbieden<\/h3>\n<p>Bij Florette ontwikkelen we kwaliteitsproducten voor het hele gezin. Groenten zijn namelijk kwetsbare producten. Onze missie is om salades zo snel en zorgzaam mogelijk te verwerken en ze zo mooi en vers op uw bord te doen belanden.[\/vc_column_text][\/vc_column][\/vc_row][vc_row][vc_column width=&#8221;1\/2&#8243;][vc_single_image image=&#8221;524&#8243; img_size=&#8221;full&#8221;][\/vc_column][vc_column width=&#8221;1\/2&#8243;][vc_column_text]<\/p>\n<h4>Controle tijdens het volledige productieproces<\/h4>\n<p>Ons beleid inzake kwaliteit en voedselveiligheid steunt op strenge internationaal erkende controlesystemen. Deze normen worden toegepast doorheen alle fasen van het productieproces en in al onze vestigingen. We doen de eerste controle reeds op het veld, waarna de salades bij aankomst in onze productievestigingen opnieuw gekeurd worden door onze deskundigen.<\/p>\n<p>In elke productiefase kijken we toe op een optimale kwaliteit en op de veiligheid voor de consument. De continue controle van onze producten gebeurt bovendien met zeer geavanceerde technologie\u00ebn zoals windzifting of artificieel zicht.<\/p>\n<p>Elke productievestiging beschikt over een eigen team van specialisten die instaan voor de naleving van de regels inzake voedselveiligheid en consumententevredenheid. Deze gemeenschappelijke indicatoren worden voor de gehele groep gehanteerd.[\/vc_column_text][\/vc_column][\/vc_row][vc_row][vc_column width=&#8221;1\/2&#8243;][vc_column_text]<\/p>\n<h4>Welke verschillende controles doet Florette?<\/h4>\n<p>Bij Florette is de veiligheid van de consument en de versheid van het product een prioriteit. Daarom voeren wij talrijke controles uit:<\/p>\n<ul>\n<li>Controles van de <strong>grondstoffen<\/strong>: rijpheid, kleur, versheid, grootte\u2026<\/li>\n<li>Controles van de <strong>temperatuur<\/strong>: lokalen, producten, vrachtwagens, gebruikt water<\/li>\n<li>Controles van de <strong>eindproducten<\/strong>: kwaliteit van het product, versheid<\/li>\n<li><strong>Bacteriologische<\/strong> controles: van producten, lokalen, materieel, personeel<\/li>\n<\/ul>\n<p>We bepalen en controleren de uiterste consumptiedatum (te gebruiken tot) voor onze producten aan de hand van systematische tests.<\/p>\n<p>We voeren eveneens tevredenheidstests uit om aan de hand van uw feedback producten te kunnen ontwikkelen die bij u passen.[\/vc_column_text][\/vc_column][vc_column width=&#8221;1\/2&#8243;][vc_single_image image=&#8221;526&#8243; img_size=&#8221;full&#8221;][\/vc_column][\/vc_row][vc_row full_width=&#8221;stretch_row&#8221; css=&#8221;.vc_custom_1630389972306{background-image: url(https:\/\/florette.atypic-digital.be\/wp-content\/uploads\/2021\/08\/bg-about-proximite.jpg?id=528) !important;background-position: center !important;background-repeat: no-repeat !important;background-size: cover !important;}&#8221;][vc_column][vc_column_text]<\/p>\n<h2 style=\"text-align: center;\">Nabijheid<\/h2>\n<h3 style=\"text-align: center;\">Zo dicht mogelijk bij het terrein, van op de boerderij tot bij de consument, en tussen alle mannen en vrouwen van ons bedrijf.<\/h3>\n<p style=\"text-align: center;\">Tijdens de zomer bevoorraadt Florette zich in het noordelijke deel van Europa en in de winter op het Iberische schiereiland. Florette Agricola is de eigen landbouwonderneming van Florette. Deze heeft tot taak salades van topkwaliteit te leveren aan het naburige Florette Iberica, maar ook aan de andere Europese landen, vooral dan in de winter, wanneer de lokale bevoorrading is stilgevallen.<\/p>\n<p>[\/vc_column_text][\/vc_column][\/vc_row][vc_row][vc_column width=&#8221;1\/2&#8243;][vc_single_image image=&#8221;532&#8243; img_size=&#8221;full&#8221;][\/vc_column][vc_column width=&#8221;1\/2&#8243;][vc_column_text]<\/p>\n<h4>Duurzame landbouw<\/h4>\n<p><strong>Onze sla, groenten en alle grondstoffen van de landbouw getuigen van een duurzame productie. <\/strong><\/p>\n<p>Florette vertaalt deze betrokkenheid met duidelijke acties: het gebruik van gepaste methodes en wilskracht om zijn ecologische voetafdruk te verminderen, de implicatie van het LEAF certificaat, Global GAP voor onze landbouwers om door gebruik van aangepaste methodes en met respect voor het milieu een duurzame landbouwproductie te voeren.[\/vc_column_text][\/vc_column][\/vc_row][vc_row][vc_column width=&#8221;1\/2&#8243;][vc_column_text]<\/p>\n<h4>Ondersteuning van de groenteteelt<\/h4>\n<p><strong>De ondersteuning en actieve promotie van de groenteteeltsector is ook een prioritaire doelstelling van de Groep:<\/strong><\/p>\n<ul>\n<li>Door aan eerlijke handel te doen, met name door contracten op te stellen die onze leveranciers een levensvatbaarheid van drie jaar of op lange termijn garanderen.<\/li>\n<li>Door Best Practices aan te moedigen en te delen met onze leveranciers.<\/li>\n<li>Door landbouwers en tuinders te ondersteunen en op te leiden.<\/li>\n<\/ul>\n<p>[\/vc_column_text][\/vc_column][vc_column width=&#8221;1\/2&#8243;][vc_single_image image=&#8221;534&#8243; img_size=&#8221;full&#8221;][\/vc_column][\/vc_row]<\/p>\n<\/div>","protected":false},"excerpt":{"rendered":"[vc_row css=&#8221;.vc_custom_1630389737789{padding-left: 100px !important;}&#8221;][vc_column][vc_column_text] Onze Kwaliteit Betrouwbare en gezonde voeding aanbieden Bij Florette ontwikkelen we kwaliteitsproducten voor het hele gezin. [&hellip;]","protected":false},"author":1,"featured_media":0,"parent":51,"menu_order":0,"comment_status":"closed","ping_status":"closed","template":"nos-valeurs.php","meta":{"footnotes":""},"class_list":["post-587","page","type-page","status-publish","hentry"],"yoast_head":"<!-- This site is optimized with the Yoast SEO plugin v27.2 - https:\/\/yoast.com\/product\/yoast-seo-wordpress\/ -->\n<title>Onze waarden &#8226; Florette<\/title>\n<meta name=\"robots\" content=\"index, follow, max-snippet:-1, max-image-preview:large, max-video-preview:-1\" \/>\n<link rel=\"canonical\" href=\"https:\/\/florette.be\/nl\/wie-zijn-we\/onze-waarden\/\" \/>\n<meta property=\"og:locale\" content=\"nl_NL\" \/>\n<meta property=\"og:type\" content=\"article\" \/>\n<meta property=\"og:title\" content=\"Onze waarden &#8226; Florette\" \/>\n<meta property=\"og:description\" content=\"[vc_row css=&#8221;.vc_custom_1630389737789{padding-left: 100px !important;}&#8221;][vc_column][vc_column_text] Onze Kwaliteit Betrouwbare en gezonde voeding aanbieden Bij Florette ontwikkelen we kwaliteitsproducten voor het hele gezin. [&hellip;]\" \/>\n<meta property=\"og:url\" content=\"https:\/\/florette.be\/nl\/wie-zijn-we\/onze-waarden\/\" \/>\n<meta property=\"og:site_name\" content=\"Florette\" \/>\n<meta property=\"article:publisher\" content=\"https:\/\/www.facebook.com\/Florettebelgium\/\" \/>\n<meta property=\"article:modified_time\" content=\"2021-10-29T16:21:53+00:00\" \/>\n<meta property=\"og:image\" content=\"https:\/\/florette.be\/wp-content\/uploads\/2021\/10\/logo.png\" \/>\n\t<meta property=\"og:image:width\" content=\"244\" \/>\n\t<meta property=\"og:image:height\" content=\"140\" \/>\n\t<meta property=\"og:image:type\" content=\"image\/png\" \/>\n<meta name=\"twitter:card\" content=\"summary_large_image\" \/>\n<meta name=\"twitter:label1\" content=\"Est. reading time\" \/>\n\t<meta name=\"twitter:data1\" content=\"3 minutes\" \/>\n<script type=\"application\/ld+json\" class=\"yoast-schema-graph\">{\"@context\":\"https:\/\/schema.org\",\"@graph\":[{\"@type\":\"WebPage\",\"@id\":\"https:\/\/florette.be\/nl\/wie-zijn-we\/onze-waarden\/\",\"url\":\"https:\/\/florette.be\/nl\/wie-zijn-we\/onze-waarden\/\",\"name\":\"Onze waarden &#8226; Florette\",\"isPartOf\":{\"@id\":\"https:\/\/florette.be\/#website\"},\"datePublished\":\"2021-09-13T12:47:51+00:00\",\"dateModified\":\"2021-10-29T16:21:53+00:00\",\"breadcrumb\":{\"@id\":\"https:\/\/florette.be\/nl\/wie-zijn-we\/onze-waarden\/#breadcrumb\"},\"inLanguage\":\"nl-NL\",\"potentialAction\":[{\"@type\":\"ReadAction\",\"target\":[\"https:\/\/florette.be\/nl\/wie-zijn-we\/onze-waarden\/\"]}]},{\"@type\":\"BreadcrumbList\",\"@id\":\"https:\/\/florette.be\/nl\/wie-zijn-we\/onze-waarden\/#breadcrumb\",\"itemListElement\":[{\"@type\":\"ListItem\",\"position\":1,\"name\":\"Home\",\"item\":\"https:\/\/florette.be\/nl\/\"},{\"@type\":\"ListItem\",\"position\":2,\"name\":\"Wie zijn we\",\"item\":\"https:\/\/florette.be\/nl\/wie-zijn-we\/\"},{\"@type\":\"ListItem\",\"position\":3,\"name\":\"Onze waarden\"}]},{\"@type\":\"WebSite\",\"@id\":\"https:\/\/florette.be\/#website\",\"url\":\"https:\/\/florette.be\/\",\"name\":\"Florette\",\"description\":\"Des salades, des l\u00e9gumes \u00e0 cuire ou \u00e0 croquer, des fruits, des jus, des herbes... D\u00e9couvrez nos produits, actualit\u00e9s, promotions et recettes Florette.\",\"publisher\":{\"@id\":\"https:\/\/florette.be\/#organization\"},\"potentialAction\":[{\"@type\":\"SearchAction\",\"target\":{\"@type\":\"EntryPoint\",\"urlTemplate\":\"https:\/\/florette.be\/?s={search_term_string}\"},\"query-input\":{\"@type\":\"PropertyValueSpecification\",\"valueRequired\":true,\"valueName\":\"search_term_string\"}}],\"inLanguage\":\"nl-NL\"},{\"@type\":\"Organization\",\"@id\":\"https:\/\/florette.be\/#organization\",\"name\":\"Florette\",\"url\":\"https:\/\/florette.be\/\",\"logo\":{\"@type\":\"ImageObject\",\"inLanguage\":\"nl-NL\",\"@id\":\"https:\/\/florette.be\/#\/schema\/logo\/image\/\",\"url\":\"https:\/\/florette.be\/wp-content\/uploads\/2021\/10\/logo.png\",\"contentUrl\":\"https:\/\/florette.be\/wp-content\/uploads\/2021\/10\/logo.png\",\"width\":244,\"height\":140,\"caption\":\"Florette\"},\"image\":{\"@id\":\"https:\/\/florette.be\/#\/schema\/logo\/image\/\"},\"sameAs\":[\"https:\/\/www.facebook.com\/Florettebelgium\/\",\"https:\/\/www.instagram.com\/florette_be\/\"]}]}<\/script>\n<!-- \/ Yoast SEO plugin. -->","yoast_head_json":{"title":"Onze waarden &#8226; Florette","robots":{"index":"index","follow":"follow","max-snippet":"max-snippet:-1","max-image-preview":"max-image-preview:large","max-video-preview":"max-video-preview:-1"},"canonical":"https:\/\/florette.be\/nl\/wie-zijn-we\/onze-waarden\/","og_locale":"nl_NL","og_type":"article","og_title":"Onze waarden &#8226; Florette","og_description":"[vc_row css=&#8221;.vc_custom_1630389737789{padding-left: 100px !important;}&#8221;][vc_column][vc_column_text] Onze Kwaliteit Betrouwbare en gezonde voeding aanbieden Bij Florette ontwikkelen we kwaliteitsproducten voor het hele gezin. [&hellip;]","og_url":"https:\/\/florette.be\/nl\/wie-zijn-we\/onze-waarden\/","og_site_name":"Florette","article_publisher":"https:\/\/www.facebook.com\/Florettebelgium\/","article_modified_time":"2021-10-29T16:21:53+00:00","og_image":[{"width":244,"height":140,"url":"https:\/\/florette.be\/wp-content\/uploads\/2021\/10\/logo.png","type":"image\/png"}],"twitter_card":"summary_large_image","twitter_misc":{"Est. reading time":"3 minutes"},"schema":{"@context":"https:\/\/schema.org","@graph":[{"@type":"WebPage","@id":"https:\/\/florette.be\/nl\/wie-zijn-we\/onze-waarden\/","url":"https:\/\/florette.be\/nl\/wie-zijn-we\/onze-waarden\/","name":"Onze waarden &#8226; Florette","isPartOf":{"@id":"https:\/\/florette.be\/#website"},"datePublished":"2021-09-13T12:47:51+00:00","dateModified":"2021-10-29T16:21:53+00:00","breadcrumb":{"@id":"https:\/\/florette.be\/nl\/wie-zijn-we\/onze-waarden\/#breadcrumb"},"inLanguage":"nl-NL","potentialAction":[{"@type":"ReadAction","target":["https:\/\/florette.be\/nl\/wie-zijn-we\/onze-waarden\/"]}]},{"@type":"BreadcrumbList","@id":"https:\/\/florette.be\/nl\/wie-zijn-we\/onze-waarden\/#breadcrumb","itemListElement":[{"@type":"ListItem","position":1,"name":"Home","item":"https:\/\/florette.be\/nl\/"},{"@type":"ListItem","position":2,"name":"Wie zijn we","item":"https:\/\/florette.be\/nl\/wie-zijn-we\/"},{"@type":"ListItem","position":3,"name":"Onze waarden"}]},{"@type":"WebSite","@id":"https:\/\/florette.be\/#website","url":"https:\/\/florette.be\/","name":"Florette","description":"Des salades, des l\u00e9gumes \u00e0 cuire ou \u00e0 croquer, des fruits, des jus, des herbes... D\u00e9couvrez nos produits, actualit\u00e9s, promotions et recettes Florette.","publisher":{"@id":"https:\/\/florette.be\/#organization"},"potentialAction":[{"@type":"SearchAction","target":{"@type":"EntryPoint","urlTemplate":"https:\/\/florette.be\/?s={search_term_string}"},"query-input":{"@type":"PropertyValueSpecification","valueRequired":true,"valueName":"search_term_string"}}],"inLanguage":"nl-NL"},{"@type":"Organization","@id":"https:\/\/florette.be\/#organization","name":"Florette","url":"https:\/\/florette.be\/","logo":{"@type":"ImageObject","inLanguage":"nl-NL","@id":"https:\/\/florette.be\/#\/schema\/logo\/image\/","url":"https:\/\/florette.be\/wp-content\/uploads\/2021\/10\/logo.png","contentUrl":"https:\/\/florette.be\/wp-content\/uploads\/2021\/10\/logo.png","width":244,"height":140,"caption":"Florette"},"image":{"@id":"https:\/\/florette.be\/#\/schema\/logo\/image\/"},"sameAs":["https:\/\/www.facebook.com\/Florettebelgium\/","https:\/\/www.instagram.com\/florette_be\/"]}]}},"_links":{"self":[{"href":"https:\/\/florette.be\/nl\/wp-json\/wp\/v2\/pages\/587","targetHints":{"allow":["GET"]}}],"collection":[{"href":"https:\/\/florette.be\/nl\/wp-json\/wp\/v2\/pages"}],"about":[{"href":"https:\/\/florette.be\/nl\/wp-json\/wp\/v2\/types\/page"}],"author":[{"embeddable":true,"href":"https:\/\/florette.be\/nl\/wp-json\/wp\/v2\/users\/1"}],"replies":[{"embeddable":true,"href":"https:\/\/florette.be\/nl\/wp-json\/wp\/v2\/comments?post=587"}],"version-history":[{"count":4,"href":"https:\/\/florette.be\/nl\/wp-json\/wp\/v2\/pages\/587\/revisions"}],"predecessor-version":[{"id":1178,"href":"https:\/\/florette.be\/nl\/wp-json\/wp\/v2\/pages\/587\/revisions\/1178"}],"up":[{"embeddable":true,"href":"https:\/\/florette.be\/nl\/wp-json\/wp\/v2\/pages\/51"}],"wp:attachment":[{"href":"https:\/\/florette.be\/nl\/wp-json\/wp\/v2\/media?parent=587"}],"curies":[{"name":"wp","href":"https:\/\/api.w.org\/{rel}","templated":true}]}}