{"id":589,"date":"2021-09-13T14:48:14","date_gmt":"2021-09-13T12:48:14","guid":{"rendered":"https:\/\/florette.atypic-digital.be\/?page_id=589"},"modified":"2021-10-25T18:29:28","modified_gmt":"2021-10-25T16:29:28","slug":"onze-geschiedenis","status":"publish","type":"page","link":"https:\/\/florette.be\/nl\/wie-zijn-we\/onze-geschiedenis\/","title":{"rendered":"Onze geschiedenis"},"content":{"rendered":"\n<p>Florette maakt deel uit van de landbouwco\u00f6peratie agrial. Een landbouwco\u00f6peratie is een organisatiemodel waarbij het kapitaal van de onderneming in handen is van de leden landbouwers. Dit model maakt een billijke verdeling van de gecre\u00eberde waarde mogelijk.<\/p>\n\n\n\n<p>Dit organisatiemodel plaatst het landbouwerslid centraal in de besluitvorming. Elk lid neemt deel aan het beheer van de onderneming volgens het democratische beginsel &#8220;\u00e9\u00e9n man, \u00e9\u00e9n stem&#8221;.<\/p>\n\n\n\n<p>Het model is gericht op zelfreflectie en actie op lange termijn, om enerzijds de waarde van de productie op duurzame wijze te verhogen en anderzijds landbouwinstrumenten en -middelen te delen, zich te laten adviseren en te laten ondersteunen.<\/p>\n","protected":false},"excerpt":{"rendered":"Florette maakt deel uit van de landbouwco\u00f6peratie agrial. Een landbouwco\u00f6peratie is een organisatiemodel waarbij het kapitaal van de onderneming in [&hellip;]","protected":false},"author":1,"featured_media":934,"parent":51,"menu_order":0,"comment_status":"closed","ping_status":"closed","template":"notre-histoire.php","meta":{"footnotes":""},"class_list":["post-589","page","type-page","status-publish","has-post-thumbnail","hentry"],"yoast_head":"<!-- This site is optimized with the Yoast SEO plugin v27.2 - https:\/\/yoast.com\/product\/yoast-seo-wordpress\/ -->\n<title>Onze geschiedenis &#8226; Florette<\/title>\n<meta name=\"robots\" content=\"index, follow, max-snippet:-1, max-image-preview:large, max-video-preview:-1\" \/>\n<link rel=\"canonical\" href=\"https:\/\/florette.be\/nl\/wie-zijn-we\/onze-geschiedenis\/\" \/>\n<meta property=\"og:locale\" content=\"nl_NL\" \/>\n<meta property=\"og:type\" content=\"article\" \/>\n<meta property=\"og:title\" content=\"Onze geschiedenis &#8226; Florette\" \/>\n<meta property=\"og:description\" content=\"Florette maakt deel uit van de landbouwco\u00f6peratie agrial. Een landbouwco\u00f6peratie is een organisatiemodel waarbij het kapitaal van de onderneming in [&hellip;]\" \/>\n<meta property=\"og:url\" content=\"https:\/\/florette.be\/nl\/wie-zijn-we\/onze-geschiedenis\/\" \/>\n<meta property=\"og:site_name\" content=\"Florette\" \/>\n<meta property=\"article:publisher\" content=\"https:\/\/www.facebook.com\/Florettebelgium\/\" \/>\n<meta property=\"article:modified_time\" content=\"2021-10-25T16:29:28+00:00\" \/>\n<meta property=\"og:image\" content=\"https:\/\/florette.be\/wp-content\/uploads\/2021\/10\/pexels-michael-89267-scaled.jpg\" \/>\n\t<meta property=\"og:image:width\" content=\"2560\" \/>\n\t<meta property=\"og:image:height\" content=\"1707\" \/>\n\t<meta property=\"og:image:type\" content=\"image\/jpeg\" \/>\n<meta name=\"twitter:card\" content=\"summary_large_image\" \/>\n<meta name=\"twitter:label1\" content=\"Est. reading time\" \/>\n\t<meta name=\"twitter:data1\" content=\"1 minute\" \/>\n<script type=\"application\/ld+json\" class=\"yoast-schema-graph\">{\"@context\":\"https:\/\/schema.org\",\"@graph\":[{\"@type\":\"WebPage\",\"@id\":\"https:\/\/florette.be\/nl\/wie-zijn-we\/onze-geschiedenis\/\",\"url\":\"https:\/\/florette.be\/nl\/wie-zijn-we\/onze-geschiedenis\/\",\"name\":\"Onze geschiedenis &#8226; Florette\",\"isPartOf\":{\"@id\":\"https:\/\/florette.be\/#website\"},\"primaryImageOfPage\":{\"@id\":\"https:\/\/florette.be\/nl\/wie-zijn-we\/onze-geschiedenis\/#primaryimage\"},\"image\":{\"@id\":\"https:\/\/florette.be\/nl\/wie-zijn-we\/onze-geschiedenis\/#primaryimage\"},\"thumbnailUrl\":\"https:\/\/florette.be\/wp-content\/uploads\/2021\/10\/pexels-michael-89267-scaled.jpg\",\"datePublished\":\"2021-09-13T12:48:14+00:00\",\"dateModified\":\"2021-10-25T16:29:28+00:00\",\"breadcrumb\":{\"@id\":\"https:\/\/florette.be\/nl\/wie-zijn-we\/onze-geschiedenis\/#breadcrumb\"},\"inLanguage\":\"nl-NL\",\"potentialAction\":[{\"@type\":\"ReadAction\",\"target\":[\"https:\/\/florette.be\/nl\/wie-zijn-we\/onze-geschiedenis\/\"]}]},{\"@type\":\"ImageObject\",\"inLanguage\":\"nl-NL\",\"@id\":\"https:\/\/florette.be\/nl\/wie-zijn-we\/onze-geschiedenis\/#primaryimage\",\"url\":\"https:\/\/florette.be\/wp-content\/uploads\/2021\/10\/pexels-michael-89267-scaled.jpg\",\"contentUrl\":\"https:\/\/florette.be\/wp-content\/uploads\/2021\/10\/pexels-michael-89267-scaled.jpg\",\"width\":2560,\"height\":1707,\"caption\":\"Salad_Field_Florette\"},{\"@type\":\"BreadcrumbList\",\"@id\":\"https:\/\/florette.be\/nl\/wie-zijn-we\/onze-geschiedenis\/#breadcrumb\",\"itemListElement\":[{\"@type\":\"ListItem\",\"position\":1,\"name\":\"Home\",\"item\":\"https:\/\/florette.be\/nl\/\"},{\"@type\":\"ListItem\",\"position\":2,\"name\":\"Wie zijn we\",\"item\":\"https:\/\/florette.be\/nl\/wie-zijn-we\/\"},{\"@type\":\"ListItem\",\"position\":3,\"name\":\"Onze geschiedenis\"}]},{\"@type\":\"WebSite\",\"@id\":\"https:\/\/florette.be\/#website\",\"url\":\"https:\/\/florette.be\/\",\"name\":\"Florette\",\"description\":\"Des salades, des l\u00e9gumes \u00e0 cuire ou \u00e0 croquer, des fruits, des jus, des herbes... D\u00e9couvrez nos produits, actualit\u00e9s, promotions et recettes Florette.\",\"publisher\":{\"@id\":\"https:\/\/florette.be\/#organization\"},\"potentialAction\":[{\"@type\":\"SearchAction\",\"target\":{\"@type\":\"EntryPoint\",\"urlTemplate\":\"https:\/\/florette.be\/?s={search_term_string}\"},\"query-input\":{\"@type\":\"PropertyValueSpecification\",\"valueRequired\":true,\"valueName\":\"search_term_string\"}}],\"inLanguage\":\"nl-NL\"},{\"@type\":\"Organization\",\"@id\":\"https:\/\/florette.be\/#organization\",\"name\":\"Florette\",\"url\":\"https:\/\/florette.be\/\",\"logo\":{\"@type\":\"ImageObject\",\"inLanguage\":\"nl-NL\",\"@id\":\"https:\/\/florette.be\/#\/schema\/logo\/image\/\",\"url\":\"https:\/\/florette.be\/wp-content\/uploads\/2021\/10\/logo.png\",\"contentUrl\":\"https:\/\/florette.be\/wp-content\/uploads\/2021\/10\/logo.png\",\"width\":244,\"height\":140,\"caption\":\"Florette\"},\"image\":{\"@id\":\"https:\/\/florette.be\/#\/schema\/logo\/image\/\"},\"sameAs\":[\"https:\/\/www.facebook.com\/Florettebelgium\/\",\"https:\/\/www.instagram.com\/florette_be\/\"]}]}<\/script>\n<!-- \/ Yoast SEO plugin. -->","yoast_head_json":{"title":"Onze geschiedenis &#8226; Florette","robots":{"index":"index","follow":"follow","max-snippet":"max-snippet:-1","max-image-preview":"max-image-preview:large","max-video-preview":"max-video-preview:-1"},"canonical":"https:\/\/florette.be\/nl\/wie-zijn-we\/onze-geschiedenis\/","og_locale":"nl_NL","og_type":"article","og_title":"Onze geschiedenis &#8226; Florette","og_description":"Florette maakt deel uit van de landbouwco\u00f6peratie agrial. Een landbouwco\u00f6peratie is een organisatiemodel waarbij het kapitaal van de onderneming in [&hellip;]","og_url":"https:\/\/florette.be\/nl\/wie-zijn-we\/onze-geschiedenis\/","og_site_name":"Florette","article_publisher":"https:\/\/www.facebook.com\/Florettebelgium\/","article_modified_time":"2021-10-25T16:29:28+00:00","og_image":[{"width":2560,"height":1707,"url":"https:\/\/florette.be\/wp-content\/uploads\/2021\/10\/pexels-michael-89267-scaled.jpg","type":"image\/jpeg"}],"twitter_card":"summary_large_image","twitter_misc":{"Est. reading time":"1 minute"},"schema":{"@context":"https:\/\/schema.org","@graph":[{"@type":"WebPage","@id":"https:\/\/florette.be\/nl\/wie-zijn-we\/onze-geschiedenis\/","url":"https:\/\/florette.be\/nl\/wie-zijn-we\/onze-geschiedenis\/","name":"Onze geschiedenis &#8226; Florette","isPartOf":{"@id":"https:\/\/florette.be\/#website"},"primaryImageOfPage":{"@id":"https:\/\/florette.be\/nl\/wie-zijn-we\/onze-geschiedenis\/#primaryimage"},"image":{"@id":"https:\/\/florette.be\/nl\/wie-zijn-we\/onze-geschiedenis\/#primaryimage"},"thumbnailUrl":"https:\/\/florette.be\/wp-content\/uploads\/2021\/10\/pexels-michael-89267-scaled.jpg","datePublished":"2021-09-13T12:48:14+00:00","dateModified":"2021-10-25T16:29:28+00:00","breadcrumb":{"@id":"https:\/\/florette.be\/nl\/wie-zijn-we\/onze-geschiedenis\/#breadcrumb"},"inLanguage":"nl-NL","potentialAction":[{"@type":"ReadAction","target":["https:\/\/florette.be\/nl\/wie-zijn-we\/onze-geschiedenis\/"]}]},{"@type":"ImageObject","inLanguage":"nl-NL","@id":"https:\/\/florette.be\/nl\/wie-zijn-we\/onze-geschiedenis\/#primaryimage","url":"https:\/\/florette.be\/wp-content\/uploads\/2021\/10\/pexels-michael-89267-scaled.jpg","contentUrl":"https:\/\/florette.be\/wp-content\/uploads\/2021\/10\/pexels-michael-89267-scaled.jpg","width":2560,"height":1707,"caption":"Salad_Field_Florette"},{"@type":"BreadcrumbList","@id":"https:\/\/florette.be\/nl\/wie-zijn-we\/onze-geschiedenis\/#breadcrumb","itemListElement":[{"@type":"ListItem","position":1,"name":"Home","item":"https:\/\/florette.be\/nl\/"},{"@type":"ListItem","position":2,"name":"Wie zijn we","item":"https:\/\/florette.be\/nl\/wie-zijn-we\/"},{"@type":"ListItem","position":3,"name":"Onze geschiedenis"}]},{"@type":"WebSite","@id":"https:\/\/florette.be\/#website","url":"https:\/\/florette.be\/","name":"Florette","description":"Des salades, des l\u00e9gumes \u00e0 cuire ou \u00e0 croquer, des fruits, des jus, des herbes... D\u00e9couvrez nos produits, actualit\u00e9s, promotions et recettes Florette.","publisher":{"@id":"https:\/\/florette.be\/#organization"},"potentialAction":[{"@type":"SearchAction","target":{"@type":"EntryPoint","urlTemplate":"https:\/\/florette.be\/?s={search_term_string}"},"query-input":{"@type":"PropertyValueSpecification","valueRequired":true,"valueName":"search_term_string"}}],"inLanguage":"nl-NL"},{"@type":"Organization","@id":"https:\/\/florette.be\/#organization","name":"Florette","url":"https:\/\/florette.be\/","logo":{"@type":"ImageObject","inLanguage":"nl-NL","@id":"https:\/\/florette.be\/#\/schema\/logo\/image\/","url":"https:\/\/florette.be\/wp-content\/uploads\/2021\/10\/logo.png","contentUrl":"https:\/\/florette.be\/wp-content\/uploads\/2021\/10\/logo.png","width":244,"height":140,"caption":"Florette"},"image":{"@id":"https:\/\/florette.be\/#\/schema\/logo\/image\/"},"sameAs":["https:\/\/www.facebook.com\/Florettebelgium\/","https:\/\/www.instagram.com\/florette_be\/"]}]}},"_links":{"self":[{"href":"https:\/\/florette.be\/nl\/wp-json\/wp\/v2\/pages\/589","targetHints":{"allow":["GET"]}}],"collection":[{"href":"https:\/\/florette.be\/nl\/wp-json\/wp\/v2\/pages"}],"about":[{"href":"https:\/\/florette.be\/nl\/wp-json\/wp\/v2\/types\/page"}],"author":[{"embeddable":true,"href":"https:\/\/florette.be\/nl\/wp-json\/wp\/v2\/users\/1"}],"replies":[{"embeddable":true,"href":"https:\/\/florette.be\/nl\/wp-json\/wp\/v2\/comments?post=589"}],"version-history":[{"count":3,"href":"https:\/\/florette.be\/nl\/wp-json\/wp\/v2\/pages\/589\/revisions"}],"predecessor-version":[{"id":1017,"href":"https:\/\/florette.be\/nl\/wp-json\/wp\/v2\/pages\/589\/revisions\/1017"}],"up":[{"embeddable":true,"href":"https:\/\/florette.be\/nl\/wp-json\/wp\/v2\/pages\/51"}],"wp:featuredmedia":[{"embeddable":true,"href":"https:\/\/florette.be\/nl\/wp-json\/wp\/v2\/media\/934"}],"wp:attachment":[{"href":"https:\/\/florette.be\/nl\/wp-json\/wp\/v2\/media?parent=589"}],"curies":[{"name":"wp","href":"https:\/\/api.w.org\/{rel}","templated":true}]}}