{"id":6801,"date":"2023-06-06T14:39:52","date_gmt":"2023-06-06T12:39:52","guid":{"rendered":"https:\/\/florette.be\/florette-summer-tour\/"},"modified":"2023-06-22T11:14:58","modified_gmt":"2023-06-22T09:14:58","slug":"florette-summer-tour","status":"publish","type":"page","link":"https:\/\/florette.be\/nl\/florette-summer-tour\/","title":{"rendered":"Florette Summer tour"},"content":{"rendered":"","protected":false},"excerpt":{"rendered":"","protected":false},"author":1,"featured_media":6788,"parent":0,"menu_order":0,"comment_status":"closed","ping_status":"closed","template":"fot-homepage.php","meta":{"footnotes":""},"class_list":["post-6801","page","type-page","status-publish","has-post-thumbnail","hentry"],"yoast_head":"<!-- This site is optimized with the Yoast SEO plugin v27.2 - https:\/\/yoast.com\/product\/yoast-seo-wordpress\/ -->\n<title>Florette Summer tour &#8226; Florette<\/title>\n<meta name=\"robots\" content=\"index, follow, max-snippet:-1, max-image-preview:large, max-video-preview:-1\" \/>\n<link rel=\"canonical\" href=\"https:\/\/florette.be\/nl\/florette-summer-tour\/\" \/>\n<meta property=\"og:locale\" content=\"nl_NL\" \/>\n<meta property=\"og:type\" content=\"article\" \/>\n<meta property=\"og:title\" content=\"Florette Summer tour &#8226; Florette\" \/>\n<meta property=\"og:url\" content=\"https:\/\/florette.be\/nl\/florette-summer-tour\/\" \/>\n<meta property=\"og:site_name\" content=\"Florette\" \/>\n<meta property=\"article:publisher\" content=\"https:\/\/www.facebook.com\/Florettebelgium\/\" \/>\n<meta property=\"article:modified_time\" content=\"2023-06-22T09:14:58+00:00\" \/>\n<meta property=\"og:image\" content=\"http:\/\/florette.be\/wp-content\/uploads\/2023\/06\/Mask-group.png\" \/>\n\t<meta property=\"og:image:width\" content=\"1280\" \/>\n\t<meta property=\"og:image:height\" content=\"641\" \/>\n\t<meta property=\"og:image:type\" content=\"image\/png\" \/>\n<meta name=\"twitter:card\" content=\"summary_large_image\" \/>\n<script type=\"application\/ld+json\" class=\"yoast-schema-graph\">{\"@context\":\"https:\/\/schema.org\",\"@graph\":[{\"@type\":\"WebPage\",\"@id\":\"https:\/\/florette.be\/nl\/florette-summer-tour\/\",\"url\":\"https:\/\/florette.be\/nl\/florette-summer-tour\/\",\"name\":\"Florette Summer tour &#8226; Florette\",\"isPartOf\":{\"@id\":\"https:\/\/florette.be\/#website\"},\"primaryImageOfPage\":{\"@id\":\"https:\/\/florette.be\/nl\/florette-summer-tour\/#primaryimage\"},\"image\":{\"@id\":\"https:\/\/florette.be\/nl\/florette-summer-tour\/#primaryimage\"},\"thumbnailUrl\":\"https:\/\/florette.be\/wp-content\/uploads\/2023\/06\/Mask-group.png\",\"datePublished\":\"2023-06-06T12:39:52+00:00\",\"dateModified\":\"2023-06-22T09:14:58+00:00\",\"breadcrumb\":{\"@id\":\"https:\/\/florette.be\/nl\/florette-summer-tour\/#breadcrumb\"},\"inLanguage\":\"nl-NL\",\"potentialAction\":[{\"@type\":\"ReadAction\",\"target\":[\"https:\/\/florette.be\/nl\/florette-summer-tour\/\"]}]},{\"@type\":\"ImageObject\",\"inLanguage\":\"nl-NL\",\"@id\":\"https:\/\/florette.be\/nl\/florette-summer-tour\/#primaryimage\",\"url\":\"https:\/\/florette.be\/wp-content\/uploads\/2023\/06\/Mask-group.png\",\"contentUrl\":\"https:\/\/florette.be\/wp-content\/uploads\/2023\/06\/Mask-group.png\",\"width\":1280,\"height\":641},{\"@type\":\"BreadcrumbList\",\"@id\":\"https:\/\/florette.be\/nl\/florette-summer-tour\/#breadcrumb\",\"itemListElement\":[{\"@type\":\"ListItem\",\"position\":1,\"name\":\"Home\",\"item\":\"https:\/\/florette.be\/nl\/\"},{\"@type\":\"ListItem\",\"position\":2,\"name\":\"Florette Summer tour\"}]},{\"@type\":\"WebSite\",\"@id\":\"https:\/\/florette.be\/#website\",\"url\":\"https:\/\/florette.be\/\",\"name\":\"Florette\",\"description\":\"Des salades, des l\u00e9gumes \u00e0 cuire ou \u00e0 croquer, des fruits, des jus, des herbes... D\u00e9couvrez nos produits, actualit\u00e9s, promotions et recettes Florette.\",\"publisher\":{\"@id\":\"https:\/\/florette.be\/#organization\"},\"potentialAction\":[{\"@type\":\"SearchAction\",\"target\":{\"@type\":\"EntryPoint\",\"urlTemplate\":\"https:\/\/florette.be\/?s={search_term_string}\"},\"query-input\":{\"@type\":\"PropertyValueSpecification\",\"valueRequired\":true,\"valueName\":\"search_term_string\"}}],\"inLanguage\":\"nl-NL\"},{\"@type\":\"Organization\",\"@id\":\"https:\/\/florette.be\/#organization\",\"name\":\"Florette\",\"url\":\"https:\/\/florette.be\/\",\"logo\":{\"@type\":\"ImageObject\",\"inLanguage\":\"nl-NL\",\"@id\":\"https:\/\/florette.be\/#\/schema\/logo\/image\/\",\"url\":\"https:\/\/florette.be\/wp-content\/uploads\/2021\/10\/logo.png\",\"contentUrl\":\"https:\/\/florette.be\/wp-content\/uploads\/2021\/10\/logo.png\",\"width\":244,\"height\":140,\"caption\":\"Florette\"},\"image\":{\"@id\":\"https:\/\/florette.be\/#\/schema\/logo\/image\/\"},\"sameAs\":[\"https:\/\/www.facebook.com\/Florettebelgium\/\",\"https:\/\/www.instagram.com\/florette_be\/\"]}]}<\/script>\n<!-- \/ Yoast SEO plugin. -->","yoast_head_json":{"title":"Florette Summer tour &#8226; Florette","robots":{"index":"index","follow":"follow","max-snippet":"max-snippet:-1","max-image-preview":"max-image-preview:large","max-video-preview":"max-video-preview:-1"},"canonical":"https:\/\/florette.be\/nl\/florette-summer-tour\/","og_locale":"nl_NL","og_type":"article","og_title":"Florette Summer tour &#8226; Florette","og_url":"https:\/\/florette.be\/nl\/florette-summer-tour\/","og_site_name":"Florette","article_publisher":"https:\/\/www.facebook.com\/Florettebelgium\/","article_modified_time":"2023-06-22T09:14:58+00:00","og_image":[{"width":1280,"height":641,"url":"http:\/\/florette.be\/wp-content\/uploads\/2023\/06\/Mask-group.png","type":"image\/png"}],"twitter_card":"summary_large_image","schema":{"@context":"https:\/\/schema.org","@graph":[{"@type":"WebPage","@id":"https:\/\/florette.be\/nl\/florette-summer-tour\/","url":"https:\/\/florette.be\/nl\/florette-summer-tour\/","name":"Florette Summer tour &#8226; Florette","isPartOf":{"@id":"https:\/\/florette.be\/#website"},"primaryImageOfPage":{"@id":"https:\/\/florette.be\/nl\/florette-summer-tour\/#primaryimage"},"image":{"@id":"https:\/\/florette.be\/nl\/florette-summer-tour\/#primaryimage"},"thumbnailUrl":"https:\/\/florette.be\/wp-content\/uploads\/2023\/06\/Mask-group.png","datePublished":"2023-06-06T12:39:52+00:00","dateModified":"2023-06-22T09:14:58+00:00","breadcrumb":{"@id":"https:\/\/florette.be\/nl\/florette-summer-tour\/#breadcrumb"},"inLanguage":"nl-NL","potentialAction":[{"@type":"ReadAction","target":["https:\/\/florette.be\/nl\/florette-summer-tour\/"]}]},{"@type":"ImageObject","inLanguage":"nl-NL","@id":"https:\/\/florette.be\/nl\/florette-summer-tour\/#primaryimage","url":"https:\/\/florette.be\/wp-content\/uploads\/2023\/06\/Mask-group.png","contentUrl":"https:\/\/florette.be\/wp-content\/uploads\/2023\/06\/Mask-group.png","width":1280,"height":641},{"@type":"BreadcrumbList","@id":"https:\/\/florette.be\/nl\/florette-summer-tour\/#breadcrumb","itemListElement":[{"@type":"ListItem","position":1,"name":"Home","item":"https:\/\/florette.be\/nl\/"},{"@type":"ListItem","position":2,"name":"Florette Summer tour"}]},{"@type":"WebSite","@id":"https:\/\/florette.be\/#website","url":"https:\/\/florette.be\/","name":"Florette","description":"Des salades, des l\u00e9gumes \u00e0 cuire ou \u00e0 croquer, des fruits, des jus, des herbes... D\u00e9couvrez nos produits, actualit\u00e9s, promotions et recettes Florette.","publisher":{"@id":"https:\/\/florette.be\/#organization"},"potentialAction":[{"@type":"SearchAction","target":{"@type":"EntryPoint","urlTemplate":"https:\/\/florette.be\/?s={search_term_string}"},"query-input":{"@type":"PropertyValueSpecification","valueRequired":true,"valueName":"search_term_string"}}],"inLanguage":"nl-NL"},{"@type":"Organization","@id":"https:\/\/florette.be\/#organization","name":"Florette","url":"https:\/\/florette.be\/","logo":{"@type":"ImageObject","inLanguage":"nl-NL","@id":"https:\/\/florette.be\/#\/schema\/logo\/image\/","url":"https:\/\/florette.be\/wp-content\/uploads\/2021\/10\/logo.png","contentUrl":"https:\/\/florette.be\/wp-content\/uploads\/2021\/10\/logo.png","width":244,"height":140,"caption":"Florette"},"image":{"@id":"https:\/\/florette.be\/#\/schema\/logo\/image\/"},"sameAs":["https:\/\/www.facebook.com\/Florettebelgium\/","https:\/\/www.instagram.com\/florette_be\/"]}]}},"_links":{"self":[{"href":"https:\/\/florette.be\/nl\/wp-json\/wp\/v2\/pages\/6801","targetHints":{"allow":["GET"]}}],"collection":[{"href":"https:\/\/florette.be\/nl\/wp-json\/wp\/v2\/pages"}],"about":[{"href":"https:\/\/florette.be\/nl\/wp-json\/wp\/v2\/types\/page"}],"author":[{"embeddable":true,"href":"https:\/\/florette.be\/nl\/wp-json\/wp\/v2\/users\/1"}],"replies":[{"embeddable":true,"href":"https:\/\/florette.be\/nl\/wp-json\/wp\/v2\/comments?post=6801"}],"version-history":[{"count":1,"href":"https:\/\/florette.be\/nl\/wp-json\/wp\/v2\/pages\/6801\/revisions"}],"predecessor-version":[{"id":6926,"href":"https:\/\/florette.be\/nl\/wp-json\/wp\/v2\/pages\/6801\/revisions\/6926"}],"wp:featuredmedia":[{"embeddable":true,"href":"https:\/\/florette.be\/nl\/wp-json\/wp\/v2\/media\/6788"}],"wp:attachment":[{"href":"https:\/\/florette.be\/nl\/wp-json\/wp\/v2\/media?parent=6801"}],"curies":[{"name":"wp","href":"https:\/\/api.w.org\/{rel}","templated":true}]}}